{"id":27947,"date":"2023-01-17T20:51:37","date_gmt":"2023-01-18T00:51:37","guid":{"rendered":"https:\/\/resiliencyclinic.com\/?page_id=27947"},"modified":"2024-07-04T19:32:42","modified_gmt":"2024-07-04T23:32:42","slug":"maja-greenspon","status":"publish","type":"page","link":"https:\/\/resiliencyclinic.com\/fr\/rencontrer-lequipe\/maja-greenspon\/","title":{"rendered":"Maja Greenspon, candidate \u00e0 la ma\u00eetrise en \u00e9ducation"},"content":{"rendered":"<div data-elementor-type=\"wp-page\" data-elementor-id=\"27947\" class=\"elementor elementor-27947\" data-elementor-post-type=\"page\">\n\t\t\t\t\t\t<section class=\"elementor-section elementor-top-section elementor-element elementor-element-2a3be2e elementor-section-boxed elementor-section-height-default elementor-section-height-default\" data-id=\"2a3be2e\" data-element_type=\"section\" data-e-type=\"section\" data-settings=\"{&quot;background_background&quot;:&quot;gradient&quot;}\">\n\t\t\t\t\t\t\t<div class=\"elementor-background-overlay\"><\/div>\n\t\t\t\t\t\t\t<div class=\"elementor-container elementor-column-gap-default\">\n\t\t\t\t\t<div class=\"elementor-column elementor-col-50 elementor-top-column elementor-element elementor-element-66391fc\" data-id=\"66391fc\" data-element_type=\"column\" data-e-type=\"column\">\n\t\t\t<div class=\"elementor-widget-wrap elementor-element-populated\">\n\t\t\t\t\t\t<div class=\"elementor-element elementor-element-5b3b1cc elementor-widget elementor-widget-heading\" data-id=\"5b3b1cc\" data-element_type=\"widget\" data-e-type=\"widget\" data-widget_type=\"heading.default\">\n\t\t\t\t<div class=\"elementor-widget-container\">\n\t\t\t\t\t<p class=\"elementor-heading-title elementor-size-default\">Maja Greenspon, M. Ed<\/p>\t\t\t\t<\/div>\n\t\t\t\t<\/div>\n\t\t\t\t<div class=\"elementor-element elementor-element-947b759 elementor-widget-divider--view-line elementor-widget elementor-widget-divider\" data-id=\"947b759\" data-element_type=\"widget\" data-e-type=\"widget\" data-widget_type=\"divider.default\">\n\t\t\t\t<div class=\"elementor-widget-container\">\n\t\t\t\t\t\t\t<div class=\"elementor-divider\">\n\t\t\t<span class=\"elementor-divider-separator\">\n\t\t\t\t\t\t<\/span>\n\t\t<\/div>\n\t\t\t\t\t\t<\/div>\n\t\t\t\t<\/div>\n\t\t\t\t<div class=\"elementor-element elementor-element-c3f5ef2 elementor-widget elementor-widget-text-editor\" data-id=\"c3f5ef2\" data-element_type=\"widget\" data-e-type=\"widget\" data-widget_type=\"text-editor.default\">\n\t\t\t\t<div class=\"elementor-widget-container\">\n\t\t\t\t\t\t\t\t\t<p class=\"p1\">Maja est convaincue que la chaleur et l'empathie sont les fondements d'une relation th\u00e9rapeutique solide entre le client et le clinicien.<\/p>\t\t\t\t\t\t\t\t<\/div>\n\t\t\t\t<\/div>\n\t\t\t\t<div class=\"elementor-element elementor-element-79fd4bd elementor-widget elementor-widget-spacer\" data-id=\"79fd4bd\" data-element_type=\"widget\" data-e-type=\"widget\" data-widget_type=\"spacer.default\">\n\t\t\t\t<div class=\"elementor-widget-container\">\n\t\t\t\t\t\t\t<div class=\"elementor-spacer\">\n\t\t\t<div class=\"elementor-spacer-inner\"><\/div>\n\t\t<\/div>\n\t\t\t\t\t\t<\/div>\n\t\t\t\t<\/div>\n\t\t\t\t<div class=\"elementor-element elementor-element-c136a06 elementor-align-left elementor-widget elementor-widget-button\" data-id=\"c136a06\" data-element_type=\"widget\" data-e-type=\"widget\" data-widget_type=\"button.default\">\n\t\t\t\t<div class=\"elementor-widget-container\">\n\t\t\t\t\t\t\t\t\t<div class=\"elementor-button-wrapper\">\n\t\t\t\t\t<a class=\"elementor-button elementor-button-link elementor-size-xs\" href=\"\/fr\/prendre-rendez-vous\/\">\n\t\t\t\t\t\t<span class=\"elementor-button-content-wrapper\">\n\t\t\t\t\t\t<span class=\"elementor-button-icon\">\n\t\t\t\t<i aria-hidden=\"true\" class=\"fas fa-long-arrow-alt-right\"><\/i>\t\t\t<\/span>\n\t\t\t\t\t\t\t\t\t<span class=\"elementor-button-text\">Demander un rendez-vous avec Maja<\/span>\n\t\t\t\t\t<\/span>\n\t\t\t\t\t<\/a>\n\t\t\t\t<\/div>\n\t\t\t\t\t\t\t\t<\/div>\n\t\t\t\t<\/div>\n\t\t\t\t\t<\/div>\n\t\t<\/div>\n\t\t\t\t<div class=\"elementor-column elementor-col-50 elementor-top-column elementor-element elementor-element-acdf385\" data-id=\"acdf385\" data-element_type=\"column\" data-e-type=\"column\">\n\t\t\t<div class=\"elementor-widget-wrap elementor-element-populated\">\n\t\t\t\t\t\t<div class=\"elementor-element elementor-element-44b90ea elementor-widget elementor-widget-spacer\" data-id=\"44b90ea\" data-element_type=\"widget\" data-e-type=\"widget\" data-widget_type=\"spacer.default\">\n\t\t\t\t<div class=\"elementor-widget-container\">\n\t\t\t\t\t\t\t<div class=\"elementor-spacer\">\n\t\t\t<div class=\"elementor-spacer-inner\"><\/div>\n\t\t<\/div>\n\t\t\t\t\t\t<\/div>\n\t\t\t\t<\/div>\n\t\t\t\t<div class=\"elementor-element elementor-element-4efc414 elementor-widget elementor-widget-image\" data-id=\"4efc414\" data-element_type=\"widget\" data-e-type=\"widget\" data-widget_type=\"image.default\">\n\t\t\t\t<div class=\"elementor-widget-container\">\n\t\t\t\t\t\t\t\t\t\t\t\t\t\t\t<img decoding=\"async\" width=\"1200\" height=\"800\" data-src=\"https:\/\/resiliencyclinic.com\/wp-content\/uploads\/2023\/02\/Maja_Greenspon_2.jpg\" class=\"attachment-full size-full wp-image-28574 lazyload\" alt=\"Maja Greenspon, candidate \u00e0 la ma\u00eetrise en \u00e9ducation\" data-srcset=\"https:\/\/resiliencyclinic.com\/wp-content\/uploads\/2023\/02\/Maja_Greenspon_2.jpg 1200w, https:\/\/resiliencyclinic.com\/wp-content\/uploads\/2023\/02\/Maja_Greenspon_2-300x200.jpg 300w, https:\/\/resiliencyclinic.com\/wp-content\/uploads\/2023\/02\/Maja_Greenspon_2-1024x683.jpg 1024w, https:\/\/resiliencyclinic.com\/wp-content\/uploads\/2023\/02\/Maja_Greenspon_2-768x512.jpg 768w\" data-sizes=\"(max-width: 1200px) 100vw, 1200px\" title=\"\" src=\"data:image\/svg+xml;base64,PHN2ZyB3aWR0aD0iMSIgaGVpZ2h0PSIxIiB4bWxucz0iaHR0cDovL3d3dy53My5vcmcvMjAwMC9zdmciPjwvc3ZnPg==\" style=\"--smush-placeholder-width: 1200px; --smush-placeholder-aspect-ratio: 1200\/800;\">\t\t\t\t\t\t\t\t\t\t\t\t\t\t\t<\/div>\n\t\t\t\t<\/div>\n\t\t\t\t\t<\/div>\n\t\t<\/div>\n\t\t\t\t\t<\/div>\n\t\t<\/section>\n\t\t\t\t<section class=\"elementor-section elementor-top-section elementor-element elementor-element-287eabec elementor-reverse-tablet elementor-reverse-mobile elementor-section-boxed elementor-section-height-default elementor-section-height-default\" data-id=\"287eabec\" data-element_type=\"section\" data-e-type=\"section\" data-settings=\"{&quot;background_background&quot;:&quot;classic&quot;}\">\n\t\t\t\t\t\t\t<div class=\"elementor-background-overlay\"><\/div>\n\t\t\t\t\t\t\t<div class=\"elementor-container elementor-column-gap-default\">\n\t\t\t\t\t<div class=\"elementor-column elementor-col-33 elementor-top-column elementor-element elementor-element-4294cfa\" data-id=\"4294cfa\" data-element_type=\"column\" data-e-type=\"column\">\n\t\t\t<div class=\"elementor-widget-wrap\">\n\t\t\t\t\t\t\t<\/div>\n\t\t<\/div>\n\t\t\t\t<div class=\"elementor-column elementor-col-33 elementor-top-column elementor-element elementor-element-513ac22\" data-id=\"513ac22\" data-element_type=\"column\" data-e-type=\"column\">\n\t\t\t<div class=\"elementor-widget-wrap elementor-element-populated\">\n\t\t\t\t\t\t<div class=\"elementor-element elementor-element-53bc462 elementor-widget elementor-widget-text-editor\" data-id=\"53bc462\" data-element_type=\"widget\" data-e-type=\"widget\" data-widget_type=\"text-editor.default\">\n\t\t\t\t<div class=\"elementor-widget-container\">\n\t\t\t\t\t\t\t\t\t<h1><span style=\"color: #333333;\">Psychoth\u00e9rapeute agr\u00e9\u00e9<\/span><\/h1><p>Maja (elle\/il) croit en l'effet puissant qui peut se produire lorsqu'une personne dispose d'un espace s\u00fbr et sans jugement, enti\u00e8rement centr\u00e9 sur elle. Maja est convaincue que la chaleur et l'empathie sont les fondements d'une relation th\u00e9rapeutique solide dans laquelle le client et le clinicien peuvent travailler ensemble sur les probl\u00e8mes.<\/p><p>Maja a obtenu une ma\u00eetrise en psychologie de l'orientation \u00e0 l'Universit\u00e9 d'Ottawa. Elle a \u00e9galement obtenu des dipl\u00f4mes en communication et en psychologie \u00e0 l'Universit\u00e9 d'Ottawa.<\/p><p>Maja poss\u00e8de une exp\u00e9rience clinique dans le domaine du conseil aux adolescents \u00e2g\u00e9s de 18 ans et plus, ainsi qu'aux adultes confront\u00e9s \u00e0 divers probl\u00e8mes, notamment l'anxi\u00e9t\u00e9, la d\u00e9pression, le deuil, les traumatismes, le TDAH, le manque d'estime de soi, le stress li\u00e9 aux \u00e9tudes ou au travail, et les probl\u00e8mes interpersonnels. Maja utilise une approche int\u00e9grative et centr\u00e9e sur la personne, s'inspirant de diverses modalit\u00e9s, notamment la th\u00e9rapie cognitivo-comportementale, les pratiques fond\u00e9es sur la pleine conscience et la th\u00e9rapie d'acceptation et d'engagement.<\/p><p>\u00a0<\/p>\t\t\t\t\t\t\t\t<\/div>\n\t\t\t\t<\/div>\n\t\t\t\t<div class=\"elementor-element elementor-element-b239fea elementor-align-center elementor-widget elementor-widget-button\" data-id=\"b239fea\" data-element_type=\"widget\" data-e-type=\"widget\" data-widget_type=\"button.default\">\n\t\t\t\t<div class=\"elementor-widget-container\">\n\t\t\t\t\t\t\t\t\t<div class=\"elementor-button-wrapper\">\n\t\t\t\t\t<a class=\"elementor-button elementor-button-link elementor-size-sm\" href=\"\/fr\/prendre-rendez-vous\/\">\n\t\t\t\t\t\t<span class=\"elementor-button-content-wrapper\">\n\t\t\t\t\t\t\t\t\t<span class=\"elementor-button-text\">Demander un rendez-vous avec Maja Greenspon<\/span>\n\t\t\t\t\t<\/span>\n\t\t\t\t\t<\/a>\n\t\t\t\t<\/div>\n\t\t\t\t\t\t\t\t<\/div>\n\t\t\t\t<\/div>\n\t\t\t\t\t<\/div>\n\t\t<\/div>\n\t\t\t\t<div class=\"elementor-column elementor-col-33 elementor-top-column elementor-element elementor-element-190e684\" data-id=\"190e684\" data-element_type=\"column\" data-e-type=\"column\">\n\t\t\t<div class=\"elementor-widget-wrap\">\n\t\t\t\t\t\t\t<\/div>\n\t\t<\/div>\n\t\t\t\t\t<\/div>\n\t\t<\/section>\n\t\t\t\t<section class=\"elementor-section elementor-top-section elementor-element elementor-element-598ac17 elementor-section-boxed elementor-section-height-default elementor-section-height-default\" data-id=\"598ac17\" data-element_type=\"section\" data-e-type=\"section\">\n\t\t\t\t\t\t<div class=\"elementor-container elementor-column-gap-default\">\n\t\t\t\t\t<div class=\"elementor-column elementor-col-100 elementor-top-column elementor-element elementor-element-e112510\" data-id=\"e112510\" data-element_type=\"column\" data-e-type=\"column\">\n\t\t\t<div class=\"elementor-widget-wrap elementor-element-populated\">\n\t\t\t\t\t\t<div class=\"elementor-element elementor-element-9794665 elementor-widget elementor-widget-spacer\" data-id=\"9794665\" data-element_type=\"widget\" data-e-type=\"widget\" data-widget_type=\"spacer.default\">\n\t\t\t\t<div class=\"elementor-widget-container\">\n\t\t\t\t\t\t\t<div class=\"elementor-spacer\">\n\t\t\t<div class=\"elementor-spacer-inner\"><\/div>\n\t\t<\/div>\n\t\t\t\t\t\t<\/div>\n\t\t\t\t<\/div>\n\t\t\t\t\t<\/div>\n\t\t<\/div>\n\t\t\t\t\t<\/div>\n\t\t<\/section>\n\t\t\t\t<\/div>","protected":false},"excerpt":{"rendered":"<p>Maja Greenspon, M. Ed Maja believes that warmth and empathy build the foundation of a strong therapeutic relationship between client and clinician. Request an appointment with Maja Registered Psychotherapist Maja (she\/her) believes in the powerful effect that can take place when an individual is provided with a safe and non-judgmental space fully centered on them. [&hellip;]<\/p>\n","protected":false},"author":1,"featured_media":0,"parent":242,"menu_order":0,"comment_status":"closed","ping_status":"closed","template":"","meta":{"footnotes":""},"class_list":["post-27947","page","type-page","status-publish","hentry"],"_links":{"self":[{"href":"https:\/\/resiliencyclinic.com\/fr\/wp-json\/wp\/v2\/pages\/27947","targetHints":{"allow":["GET"]}}],"collection":[{"href":"https:\/\/resiliencyclinic.com\/fr\/wp-json\/wp\/v2\/pages"}],"about":[{"href":"https:\/\/resiliencyclinic.com\/fr\/wp-json\/wp\/v2\/types\/page"}],"author":[{"embeddable":true,"href":"https:\/\/resiliencyclinic.com\/fr\/wp-json\/wp\/v2\/users\/1"}],"replies":[{"embeddable":true,"href":"https:\/\/resiliencyclinic.com\/fr\/wp-json\/wp\/v2\/comments?post=27947"}],"version-history":[{"count":25,"href":"https:\/\/resiliencyclinic.com\/fr\/wp-json\/wp\/v2\/pages\/27947\/revisions"}],"predecessor-version":[{"id":42900,"href":"https:\/\/resiliencyclinic.com\/fr\/wp-json\/wp\/v2\/pages\/27947\/revisions\/42900"}],"up":[{"embeddable":true,"href":"https:\/\/resiliencyclinic.com\/fr\/wp-json\/wp\/v2\/pages\/242"}],"wp:attachment":[{"href":"https:\/\/resiliencyclinic.com\/fr\/wp-json\/wp\/v2\/media?parent=27947"}],"curies":[{"name":"wp","href":"https:\/\/api.w.org\/{rel}","templated":true}]}}