{"id":37184,"date":"2024-01-30T18:11:32","date_gmt":"2024-01-30T22:11:32","guid":{"rendered":"https:\/\/resiliencyclinic.com\/?page_id=37184"},"modified":"2025-06-11T16:53:10","modified_gmt":"2025-06-11T20:53:10","slug":"therapie-a-tarif-degressif","status":"publish","type":"page","link":"https:\/\/resiliencyclinic.com\/fr\/therapie-a-tarif-degressif\/","title":{"rendered":"Th\u00e9rapie \u00e0 \u00e9chelle variable"},"content":{"rendered":"<div data-elementor-type=\"wp-page\" data-elementor-id=\"37184\" class=\"elementor elementor-37184\" data-elementor-post-type=\"page\">\n\t\t\t\t\t\t<section class=\"elementor-section elementor-top-section elementor-element elementor-element-2a3be2e elementor-section-boxed elementor-section-height-default elementor-section-height-default\" data-id=\"2a3be2e\" data-element_type=\"section\" data-e-type=\"section\" data-settings=\"{&quot;background_background&quot;:&quot;gradient&quot;}\">\n\t\t\t\t\t\t\t<div class=\"elementor-background-overlay\"><\/div>\n\t\t\t\t\t\t\t<div class=\"elementor-container elementor-column-gap-default\">\n\t\t\t\t\t<div class=\"elementor-column elementor-col-100 elementor-top-column elementor-element elementor-element-66391fc\" data-id=\"66391fc\" data-element_type=\"column\" data-e-type=\"column\">\n\t\t\t<div class=\"elementor-widget-wrap elementor-element-populated\">\n\t\t\t\t\t\t<div class=\"elementor-element elementor-element-947b759 elementor-widget-divider--view-line elementor-widget elementor-widget-divider\" data-id=\"947b759\" data-element_type=\"widget\" data-e-type=\"widget\" data-widget_type=\"divider.default\">\n\t\t\t\t<div class=\"elementor-widget-container\">\n\t\t\t\t\t\t\t<div class=\"elementor-divider\">\n\t\t\t<span class=\"elementor-divider-separator\">\n\t\t\t\t\t\t<\/span>\n\t\t<\/div>\n\t\t\t\t\t\t<\/div>\n\t\t\t\t<\/div>\n\t\t\t\t<div class=\"elementor-element elementor-element-1982cba elementor-widget elementor-widget-heading\" data-id=\"1982cba\" data-element_type=\"widget\" data-e-type=\"widget\" data-widget_type=\"heading.default\">\n\t\t\t\t<div class=\"elementor-widget-container\">\n\t\t\t\t\t<h1 class=\"elementor-heading-title elementor-size-default\">Une th\u00e9rapie abordable<\/h1>\t\t\t\t<\/div>\n\t\t\t\t<\/div>\n\t\t\t\t<div class=\"elementor-element elementor-element-85c729e animated-fast elementor-invisible elementor-widget elementor-widget-heading\" data-id=\"85c729e\" data-element_type=\"widget\" data-e-type=\"widget\" data-settings=\"{&quot;_animation&quot;:&quot;fadeIn&quot;}\" data-widget_type=\"heading.default\">\n\t\t\t\t<div class=\"elementor-widget-container\">\n\t\t\t\t\t<h2 class=\"elementor-heading-title elementor-size-default\">Services de th\u00e9rapie \u00e0 \u00e9chelle variable<\/h2>\t\t\t\t<\/div>\n\t\t\t\t<\/div>\n\t\t\t\t<div class=\"elementor-element elementor-element-4dc31ff elementor-widget elementor-widget-text-editor\" data-id=\"4dc31ff\" data-element_type=\"widget\" data-e-type=\"widget\" data-widget_type=\"text-editor.default\">\n\t\t\t\t<div class=\"elementor-widget-container\">\n\t\t\t\t\t\t\t\t\t<p>Notre mod\u00e8le de paiement d\u00e9gressif garantit \u00e0 chacun l'acc\u00e8s aux soins dont il a besoin, quelle que soit sa situation financi\u00e8re. \u00c0 la Resiliency Clinic, nous pensons que tout le monde devrait avoir acc\u00e8s \u00e0 des services de sant\u00e9 mentale de qualit\u00e9, et nous nous engageons \u00e0 faire en sorte que cela devienne une r\u00e9alit\u00e9.<\/p>\t\t\t\t\t\t\t\t<\/div>\n\t\t\t\t<\/div>\n\t\t\t\t\t<\/div>\n\t\t<\/div>\n\t\t\t\t\t<\/div>\n\t\t<\/section>\n\t\t\t\t<section class=\"elementor-section elementor-top-section elementor-element elementor-element-b125aee elementor-reverse-tablet elementor-reverse-mobile elementor-section-boxed elementor-section-height-default elementor-section-height-default\" data-id=\"b125aee\" data-element_type=\"section\" data-e-type=\"section\" data-settings=\"{&quot;background_background&quot;:&quot;classic&quot;}\">\n\t\t\t\t\t\t\t<div class=\"elementor-background-overlay\"><\/div>\n\t\t\t\t\t\t\t<div class=\"elementor-container elementor-column-gap-default\">\n\t\t\t\t\t<div class=\"elementor-column elementor-col-50 elementor-top-column elementor-element elementor-element-b795756 elementor-hidden-tablet elementor-hidden-phone\" data-id=\"b795756\" data-element_type=\"column\" data-e-type=\"column\">\n\t\t\t<div class=\"elementor-widget-wrap elementor-element-populated\">\n\t\t\t\t\t\t<div class=\"elementor-element elementor-element-2f9d389 elementor-widget elementor-widget-image\" data-id=\"2f9d389\" data-element_type=\"widget\" data-e-type=\"widget\" data-widget_type=\"image.default\">\n\t\t\t\t<div class=\"elementor-widget-container\">\n\t\t\t\t\t\t\t\t\t\t\t\t\t\t\t<img decoding=\"async\" width=\"427\" height=\"630\" data-src=\"https:\/\/resiliencyclinic.com\/wp-content\/uploads\/2024\/01\/sliding-scale-therapy.png\" class=\"attachment-large size-large wp-image-37194 lazyload\" alt=\"Services th\u00e9rapeutiques \u00e0 \u00e9chelle variable et abordables\" data-srcset=\"https:\/\/resiliencyclinic.com\/wp-content\/uploads\/2024\/01\/sliding-scale-therapy.png 427w, https:\/\/resiliencyclinic.com\/wp-content\/uploads\/2024\/01\/sliding-scale-therapy-203x300.png 203w\" data-sizes=\"(max-width: 427px) 100vw, 427px\" title=\"\" src=\"data:image\/svg+xml;base64,PHN2ZyB3aWR0aD0iMSIgaGVpZ2h0PSIxIiB4bWxucz0iaHR0cDovL3d3dy53My5vcmcvMjAwMC9zdmciPjwvc3ZnPg==\" style=\"--smush-placeholder-width: 427px; --smush-placeholder-aspect-ratio: 427\/630;\">\t\t\t\t\t\t\t\t\t\t\t\t\t\t\t<\/div>\n\t\t\t\t<\/div>\n\t\t\t\t\t<\/div>\n\t\t<\/div>\n\t\t\t\t<div class=\"elementor-column elementor-col-50 elementor-top-column elementor-element elementor-element-35cb26a\" data-id=\"35cb26a\" data-element_type=\"column\" data-e-type=\"column\">\n\t\t\t<div class=\"elementor-widget-wrap elementor-element-populated\">\n\t\t\t\t\t\t<div class=\"elementor-element elementor-element-ab8d8f5 elementor-alert-info elementor-widget elementor-widget-alert\" data-id=\"ab8d8f5\" data-element_type=\"widget\" data-e-type=\"widget\" data-widget_type=\"alert.default\">\n\t\t\t\t<div class=\"elementor-widget-container\">\n\t\t\t\t\t\t\t<div class=\"elementor-alert\" role=\"alert\">\n\n\t\t\t\t\t\t<span class=\"elementor-alert-title\">Votre vie priv\u00e9e<\/span>\n\t\t\t\n\t\t\t\t\t\t<span class=\"elementor-alert-description\">La confidentialit\u00e9 des informations personnelles est de la plus haute importance dans notre clinique. Nous discutons en d\u00e9tail de nos pratiques en mati\u00e8re de confidentialit\u00e9 lors de la premi\u00e8re rencontre avec un nouveau client.<\/span>\n\t\t\t\n\t\t\t\t\t\t<button type=\"button\" class=\"elementor-alert-dismiss\" aria-label=\"Ne pas tenir compte de cette alerte.\" data-no-translation-aria-label=\"\">\n\t\t\t\t\t\t\t\t\t<span aria-hidden=\"true\">\u00d7<\/span>\n\t\t\t\t\t\t\t<\/button>\n\t\t\t\n\t\t<\/div>\n\t\t\t\t\t\t<\/div>\n\t\t\t\t<\/div>\n\t\t\t\t<div class=\"elementor-element elementor-element-52c2d49 elementor-invisible elementor-widget elementor-widget-text-editor\" data-id=\"52c2d49\" data-element_type=\"widget\" data-e-type=\"widget\" data-settings=\"{&quot;_animation&quot;:&quot;fadeInUp&quot;}\" data-widget_type=\"text-editor.default\">\n\t\t\t\t<div class=\"elementor-widget-container\">\n\t\t\t\t\t\t\t\t\t<h2>Qu'est-ce que la th\u00e9rapie \u00e0 \u00e9chelle variable ?<\/h2><p>La th\u00e9rapie \u00e0 \u00e9chelle variable est un mod\u00e8le de paiement utilis\u00e9 par certains th\u00e9rapeutes pour r\u00e9pondre au besoin de services th\u00e9rapeutiques accessibles. Dans le cadre de ce mod\u00e8le, le tarif des services de th\u00e9rapie est ajust\u00e9 en fonction des revenus du client, de sa couverture d'assurance et de sa capacit\u00e9 \u00e0 payer.\u00a0<\/p><p>Cette approche vise \u00e0 rendre les services de sant\u00e9 mentale plus accessibles aux personnes de tous les milieux \u00e9conomiques. La th\u00e9rapie \u00e0 \u00e9chelle variable vous convient parfaitement si vous n'\u00eates pas en mesure de payer l'int\u00e9gralit\u00e9 du tarif, qui varie de $160 \u00e0 185 par s\u00e9ance pour les services de psychoth\u00e9rapie, en fonction du th\u00e9rapeute. Contrairement \u00e0 la psychoth\u00e9rapie traditionnelle avec un tarif fixe, les th\u00e9rapeutes peuvent offrir quelques places dans leur emploi du temps avec un tarif inf\u00e9rieur.<\/p><p>En outre, notre programme de stages permet de b\u00e9n\u00e9ficier de tarifs r\u00e9duits. Les stagiaires de niveau master, dans le cadre de leur formation, effectuent un stage \u00e0 la Clinique de la r\u00e9silience.  Nos stagiaires sont des professionnels exp\u00e9riment\u00e9s qui offrent d'excellents soins, mais leurs honoraires sont beaucoup moins \u00e9lev\u00e9s car ces heures font partie de leur formation et de leur d\u00e9veloppement pour devenir des professionnels agr\u00e9\u00e9s. Veuillez soumettre une demande sur notre site web ou appeler la clinique pour en savoir plus.\u00a0<\/p><p>Pour savoir qui a une place disponible, veuillez contacter Michelle, notre directrice clinique, via notre site web.\u00a0<a href=\"https:\/\/resiliencyclinic.com\/fr\/contact\/\" target=\"_blank\" rel=\"noopener\" data-saferedirecturl=\"https:\/\/www.google.com\/url?q=https:\/\/resiliencyclinic.com\/contact\/&amp;source=gmail&amp;ust=1749740464952000&amp;usg=AOvVaw0SYNQDh8iSahzmk6r4_Kda\">page de contact<\/a>. Nous attendons avec impatience votre r\u00e9ponse.<\/p>\t\t\t\t\t\t\t\t<\/div>\n\t\t\t\t<\/div>\n\t\t\t\t\t<\/div>\n\t\t<\/div>\n\t\t\t\t\t<\/div>\n\t\t<\/section>\n\t\t\t\t<section class=\"elementor-section elementor-top-section elementor-element elementor-element-598ac17 elementor-section-boxed elementor-section-height-default elementor-section-height-default\" data-id=\"598ac17\" data-element_type=\"section\" data-e-type=\"section\">\n\t\t\t\t\t\t<div class=\"elementor-container elementor-column-gap-default\">\n\t\t\t\t\t<div class=\"elementor-column elementor-col-100 elementor-top-column elementor-element elementor-element-e112510\" data-id=\"e112510\" data-element_type=\"column\" data-e-type=\"column\">\n\t\t\t<div class=\"elementor-widget-wrap elementor-element-populated\">\n\t\t\t\t\t\t<div class=\"elementor-element elementor-element-9794665 elementor-widget elementor-widget-spacer\" data-id=\"9794665\" data-element_type=\"widget\" data-e-type=\"widget\" data-widget_type=\"spacer.default\">\n\t\t\t\t<div class=\"elementor-widget-container\">\n\t\t\t\t\t\t\t<div class=\"elementor-spacer\">\n\t\t\t<div class=\"elementor-spacer-inner\"><\/div>\n\t\t<\/div>\n\t\t\t\t\t\t<\/div>\n\t\t\t\t<\/div>\n\t\t\t\t\t<\/div>\n\t\t<\/div>\n\t\t\t\t\t<\/div>\n\t\t<\/section>\n\t\t\t\t<\/div>","protected":false},"excerpt":{"rendered":"<p>Affordable Therapy Sliding Scale therapy Services Our sliding scale payment model ensures that everyone has access to the care they need, regardless of their financial situation. At Resiliency Clinic, we believe that everyone should have access to quality mental health services, and we are committed to making that a reality. Your Privacy Privacy of personal [&hellip;]<\/p>\n","protected":false},"author":49,"featured_media":37194,"parent":0,"menu_order":0,"comment_status":"closed","ping_status":"closed","template":"","meta":{"footnotes":""},"class_list":["post-37184","page","type-page","status-publish","has-post-thumbnail","hentry"],"_links":{"self":[{"href":"https:\/\/resiliencyclinic.com\/fr\/wp-json\/wp\/v2\/pages\/37184","targetHints":{"allow":["GET"]}}],"collection":[{"href":"https:\/\/resiliencyclinic.com\/fr\/wp-json\/wp\/v2\/pages"}],"about":[{"href":"https:\/\/resiliencyclinic.com\/fr\/wp-json\/wp\/v2\/types\/page"}],"author":[{"embeddable":true,"href":"https:\/\/resiliencyclinic.com\/fr\/wp-json\/wp\/v2\/users\/49"}],"replies":[{"embeddable":true,"href":"https:\/\/resiliencyclinic.com\/fr\/wp-json\/wp\/v2\/comments?post=37184"}],"version-history":[{"count":28,"href":"https:\/\/resiliencyclinic.com\/fr\/wp-json\/wp\/v2\/pages\/37184\/revisions"}],"predecessor-version":[{"id":56875,"href":"https:\/\/resiliencyclinic.com\/fr\/wp-json\/wp\/v2\/pages\/37184\/revisions\/56875"}],"wp:featuredmedia":[{"embeddable":true,"href":"https:\/\/resiliencyclinic.com\/fr\/wp-json\/wp\/v2\/media\/37194"}],"wp:attachment":[{"href":"https:\/\/resiliencyclinic.com\/fr\/wp-json\/wp\/v2\/media?parent=37184"}],"curies":[{"name":"wp","href":"https:\/\/api.w.org\/{rel}","templated":true}]}}