{"id":4826,"date":"2021-05-04T12:22:52","date_gmt":"2021-05-04T16:22:52","guid":{"rendered":"https:\/\/resiliencyclinic.com\/?page_id=4826"},"modified":"2025-12-12T10:52:49","modified_gmt":"2025-12-12T14:52:49","slug":"mia-lheureux","status":"publish","type":"page","link":"https:\/\/resiliencyclinic.com\/fr\/rencontrer-lequipe\/mia-lheureux\/","title":{"rendered":"Mia L'Heureux, MA"},"content":{"rendered":"<div data-elementor-type=\"wp-page\" data-elementor-id=\"4826\" class=\"elementor elementor-4826\" data-elementor-post-type=\"page\">\n\t\t\t\t\t\t<section class=\"elementor-section elementor-top-section elementor-element elementor-element-2a3be2e elementor-section-boxed elementor-section-height-default elementor-section-height-default\" data-id=\"2a3be2e\" data-element_type=\"section\" data-e-type=\"section\" data-settings=\"{&quot;background_background&quot;:&quot;gradient&quot;}\">\n\t\t\t\t\t\t\t<div class=\"elementor-background-overlay\"><\/div>\n\t\t\t\t\t\t\t<div class=\"elementor-container elementor-column-gap-default\">\n\t\t\t\t\t<div class=\"elementor-column elementor-col-50 elementor-top-column elementor-element elementor-element-66391fc\" data-id=\"66391fc\" data-element_type=\"column\" data-e-type=\"column\">\n\t\t\t<div class=\"elementor-widget-wrap elementor-element-populated\">\n\t\t\t\t\t\t<div class=\"elementor-element elementor-element-5b3b1cc elementor-widget elementor-widget-heading\" data-id=\"5b3b1cc\" data-element_type=\"widget\" data-e-type=\"widget\" data-widget_type=\"heading.default\">\n\t\t\t\t<div class=\"elementor-widget-container\">\n\t\t\t\t\t<p class=\"elementor-heading-title elementor-size-default\">Mia L'Heureux, MA\n\n<\/p>\t\t\t\t<\/div>\n\t\t\t\t<\/div>\n\t\t\t\t<div class=\"elementor-element elementor-element-947b759 elementor-widget-divider--view-line elementor-widget elementor-widget-divider\" data-id=\"947b759\" data-element_type=\"widget\" data-e-type=\"widget\" data-widget_type=\"divider.default\">\n\t\t\t\t<div class=\"elementor-widget-container\">\n\t\t\t\t\t\t\t<div class=\"elementor-divider\">\n\t\t\t<span class=\"elementor-divider-separator\">\n\t\t\t\t\t\t<\/span>\n\t\t<\/div>\n\t\t\t\t\t\t<\/div>\n\t\t\t\t<\/div>\n\t\t\t\t<div class=\"elementor-element elementor-element-c3f5ef2 elementor-widget elementor-widget-text-editor\" data-id=\"c3f5ef2\" data-element_type=\"widget\" data-e-type=\"widget\" data-widget_type=\"text-editor.default\">\n\t\t\t\t<div class=\"elementor-widget-container\">\n\t\t\t\t\t\t\t\t\t<p>L'approche th\u00e9rapeutique de Mia est bas\u00e9e sur le d\u00e9veloppement de l'auto-compassion afin d'aider les clients \u00e0 red\u00e9couvrir leur r\u00e9silience.<\/p>\t\t\t\t\t\t\t\t<\/div>\n\t\t\t\t<\/div>\n\t\t\t\t<div class=\"elementor-element elementor-element-c136a06 elementor-align-left elementor-widget elementor-widget-button\" data-id=\"c136a06\" data-element_type=\"widget\" data-e-type=\"widget\" data-widget_type=\"button.default\">\n\t\t\t\t<div class=\"elementor-widget-container\">\n\t\t\t\t\t\t\t\t\t<div class=\"elementor-button-wrapper\">\n\t\t\t\t\t<a class=\"elementor-button elementor-button-link elementor-size-xs\" href=\"\/fr\/prendre-rendez-vous\/\">\n\t\t\t\t\t\t<span class=\"elementor-button-content-wrapper\">\n\t\t\t\t\t\t<span class=\"elementor-button-icon\">\n\t\t\t\t<i aria-hidden=\"true\" class=\"fas fa-long-arrow-alt-right\"><\/i>\t\t\t<\/span>\n\t\t\t\t\t\t\t\t\t<span class=\"elementor-button-text\">Demander un rendez-vous avec Mia<\/span>\n\t\t\t\t\t<\/span>\n\t\t\t\t\t<\/a>\n\t\t\t\t<\/div>\n\t\t\t\t\t\t\t\t<\/div>\n\t\t\t\t<\/div>\n\t\t\t\t\t<\/div>\n\t\t<\/div>\n\t\t\t\t<div class=\"elementor-column elementor-col-50 elementor-top-column elementor-element elementor-element-acdf385\" data-id=\"acdf385\" data-element_type=\"column\" data-e-type=\"column\">\n\t\t\t<div class=\"elementor-widget-wrap elementor-element-populated\">\n\t\t\t\t\t\t<div class=\"elementor-element elementor-element-44b90ea elementor-widget elementor-widget-spacer\" data-id=\"44b90ea\" data-element_type=\"widget\" data-e-type=\"widget\" data-widget_type=\"spacer.default\">\n\t\t\t\t<div class=\"elementor-widget-container\">\n\t\t\t\t\t\t\t<div class=\"elementor-spacer\">\n\t\t\t<div class=\"elementor-spacer-inner\"><\/div>\n\t\t<\/div>\n\t\t\t\t\t\t<\/div>\n\t\t\t\t<\/div>\n\t\t\t\t<div class=\"elementor-element elementor-element-4efc414 elementor-widget elementor-widget-image\" data-id=\"4efc414\" data-element_type=\"widget\" data-e-type=\"widget\" data-widget_type=\"image.default\">\n\t\t\t\t<div class=\"elementor-widget-container\">\n\t\t\t\t\t\t\t\t\t\t\t\t\t\t\t<img decoding=\"async\" data-src=\"https:\/\/resiliencyclinic.com\/wp-content\/uploads\/2025\/03\/Miainsidephoto.jpg\" title=\"Mia L&#039;Heureux\" alt=\"Mia L&#039;Heureux\" src=\"data:image\/svg+xml;base64,PHN2ZyB3aWR0aD0iMSIgaGVpZ2h0PSIxIiB4bWxucz0iaHR0cDovL3d3dy53My5vcmcvMjAwMC9zdmciPjwvc3ZnPg==\" class=\"lazyload\" style=\"--smush-placeholder-width: 800px; --smush-placeholder-aspect-ratio: 800\/533;\" \/>\t\t\t\t\t\t\t\t\t\t\t\t\t\t\t<\/div>\n\t\t\t\t<\/div>\n\t\t\t\t\t<\/div>\n\t\t<\/div>\n\t\t\t\t\t<\/div>\n\t\t<\/section>\n\t\t\t\t<section class=\"elementor-section elementor-top-section elementor-element elementor-element-287eabec elementor-reverse-tablet elementor-reverse-mobile elementor-section-boxed elementor-section-height-default elementor-section-height-default\" data-id=\"287eabec\" data-element_type=\"section\" data-e-type=\"section\" data-settings=\"{&quot;background_background&quot;:&quot;classic&quot;}\">\n\t\t\t\t\t\t\t<div class=\"elementor-background-overlay\"><\/div>\n\t\t\t\t\t\t\t<div class=\"elementor-container elementor-column-gap-default\">\n\t\t\t\t\t<div class=\"elementor-column elementor-col-33 elementor-top-column elementor-element elementor-element-4294cfa\" data-id=\"4294cfa\" data-element_type=\"column\" data-e-type=\"column\">\n\t\t\t<div class=\"elementor-widget-wrap\">\n\t\t\t\t\t\t\t<\/div>\n\t\t<\/div>\n\t\t\t\t<div class=\"elementor-column elementor-col-33 elementor-top-column elementor-element elementor-element-513ac22\" data-id=\"513ac22\" data-element_type=\"column\" data-e-type=\"column\">\n\t\t\t<div class=\"elementor-widget-wrap elementor-element-populated\">\n\t\t\t\t\t\t<div class=\"elementor-element elementor-element-53bc462 elementor-widget elementor-widget-text-editor\" data-id=\"53bc462\" data-element_type=\"widget\" data-e-type=\"widget\" data-widget_type=\"text-editor.default\">\n\t\t\t\t<div class=\"elementor-widget-container\">\n\t\t\t\t\t\t\t\t\t<h1>Psychoth\u00e9rapeute agr\u00e9\u00e9<\/h1><div>Mia est une psychoth\u00e9rapeute agr\u00e9\u00e9e qui se sp\u00e9cialise dans le conseil et la psychoth\u00e9rapie pour les personnes de plus de 18 ans confront\u00e9es \u00e0 un large \u00e9ventail de probl\u00e8mes, y compris, mais sans s'y limiter : Burnout \/ Stress, Trauma et PTSD, Anxi\u00e9t\u00e9, D\u00e9pression, transitions de vie difficiles, et ceux qui ont perdu le sens et l'identit\u00e9.\u00a0<\/div><div>\u00a0<\/div><div>Avec une profonde appr\u00e9ciation de l'exp\u00e9rience humaine, Mia comprend que la vie peut pr\u00e9senter de nombreux d\u00e9fis. Elle croit que vous \u00eates l'expert de votre vie, et son r\u00f4le est d'offrir une connexion humaine empathique ainsi qu'une expertise clinique pour vous permettre d'avoir de l'auto-compassion et de la r\u00e9silience \u00e0 travers les hauts et les bas de la vie.\u00a0<\/div><div>\u00a0<\/div><div>Mia's utilise une approche th\u00e9rapeutique holistique fond\u00e9e sur des donn\u00e9es probantes et tenant compte des traumatismes, qui int\u00e8gre les \u00e9l\u00e9ments suivants : la th\u00e9rapie somatique bas\u00e9e sur la pleine conscience, la th\u00e9rapie de d\u00e9sensibilisation et de retraitement par les mouvements oculaires (EMDR), l'autocompassion en pleine conscience, la th\u00e9rapie cognitivo-comportementale (TCC) et la th\u00e9rapie d'acceptation et d'engagement (ACT).\u00a0<\/div><div>\u00a0<\/div><div>La th\u00e9rapie avec Mia implique souvent de d\u00e9velopper et de nourrir la connexion corps-esprit par la pleine conscience, la r\u00e9gulation du syst\u00e8me nerveux, l'auto-compassion et l'exploration de ce que signifie vivre en accord avec ses valeurs. Elle est \u00e9galement passionn\u00e9e par le partage de la psycho-\u00e9ducation pour vous aider \u00e0 comprendre votre exp\u00e9rience et le but des comp\u00e9tences partag\u00e9es en th\u00e9rapie.<\/div><div>\u00a0<\/div><div>Elle a obtenu un baccalaur\u00e9at en psychologie \u00e0 l'Universit\u00e9 d'Ottawa, puis une ma\u00eetrise en counseling et spiritualit\u00e9 \u00e0 l'Universit\u00e9 Saint-Paul\/Universit\u00e9 d'Ottawa. Par la suite, Mia a re\u00e7u une formation suppl\u00e9mentaire en MSC, EMDR et th\u00e9rapie somatique.\u00a0<\/div>\t\t\t\t\t\t\t\t<\/div>\n\t\t\t\t<\/div>\n\t\t\t\t<div class=\"elementor-element elementor-element-b239fea elementor-align-center elementor-widget elementor-widget-button\" data-id=\"b239fea\" data-element_type=\"widget\" data-e-type=\"widget\" data-widget_type=\"button.default\">\n\t\t\t\t<div class=\"elementor-widget-container\">\n\t\t\t\t\t\t\t\t\t<div class=\"elementor-button-wrapper\">\n\t\t\t\t\t<a class=\"elementor-button elementor-button-link elementor-size-sm\" href=\"\/fr\/prendre-rendez-vous\/\">\n\t\t\t\t\t\t<span class=\"elementor-button-content-wrapper\">\n\t\t\t\t\t\t\t\t\t<span class=\"elementor-button-text\">Demander un rendez-vous avec Mia<\/span>\n\t\t\t\t\t<\/span>\n\t\t\t\t\t<\/a>\n\t\t\t\t<\/div>\n\t\t\t\t\t\t\t\t<\/div>\n\t\t\t\t<\/div>\n\t\t\t\t\t<\/div>\n\t\t<\/div>\n\t\t\t\t<div class=\"elementor-column elementor-col-33 elementor-top-column elementor-element elementor-element-190e684\" data-id=\"190e684\" data-element_type=\"column\" data-e-type=\"column\">\n\t\t\t<div class=\"elementor-widget-wrap\">\n\t\t\t\t\t\t\t<\/div>\n\t\t<\/div>\n\t\t\t\t\t<\/div>\n\t\t<\/section>\n\t\t\t\t<section class=\"elementor-section elementor-top-section elementor-element elementor-element-598ac17 elementor-section-boxed elementor-section-height-default elementor-section-height-default\" data-id=\"598ac17\" data-element_type=\"section\" data-e-type=\"section\">\n\t\t\t\t\t\t<div class=\"elementor-container elementor-column-gap-default\">\n\t\t\t\t\t<div class=\"elementor-column elementor-col-100 elementor-top-column elementor-element elementor-element-e112510\" data-id=\"e112510\" data-element_type=\"column\" data-e-type=\"column\">\n\t\t\t<div class=\"elementor-widget-wrap elementor-element-populated\">\n\t\t\t\t\t\t<div class=\"elementor-element elementor-element-9794665 elementor-widget elementor-widget-spacer\" data-id=\"9794665\" data-element_type=\"widget\" data-e-type=\"widget\" data-widget_type=\"spacer.default\">\n\t\t\t\t<div class=\"elementor-widget-container\">\n\t\t\t\t\t\t\t<div class=\"elementor-spacer\">\n\t\t\t<div class=\"elementor-spacer-inner\"><\/div>\n\t\t<\/div>\n\t\t\t\t\t\t<\/div>\n\t\t\t\t<\/div>\n\t\t\t\t\t<\/div>\n\t\t<\/div>\n\t\t\t\t\t<\/div>\n\t\t<\/section>\n\t\t\t\t<\/div>","protected":false},"excerpt":{"rendered":"<p>Mia L&#8217;Heureux, MA Mia\u2019s treatment approach is based on developing Self-Compassion to facilitate clients in re-discovering their resiliency. Request an appointment with Mia Registered Psychotherapist Mia is a Registered Psychotherapist specializing in providing counselling and psychotherapy to individuals 18+ experiencing a wide range of concerns, including but not limited to: Burnout \/ Stress, Trauma and [&hellip;]<\/p>\n","protected":false},"author":1,"featured_media":4822,"parent":242,"menu_order":0,"comment_status":"closed","ping_status":"closed","template":"","meta":{"footnotes":""},"class_list":["post-4826","page","type-page","status-publish","has-post-thumbnail","hentry"],"_links":{"self":[{"href":"https:\/\/resiliencyclinic.com\/fr\/wp-json\/wp\/v2\/pages\/4826","targetHints":{"allow":["GET"]}}],"collection":[{"href":"https:\/\/resiliencyclinic.com\/fr\/wp-json\/wp\/v2\/pages"}],"about":[{"href":"https:\/\/resiliencyclinic.com\/fr\/wp-json\/wp\/v2\/types\/page"}],"author":[{"embeddable":true,"href":"https:\/\/resiliencyclinic.com\/fr\/wp-json\/wp\/v2\/users\/1"}],"replies":[{"embeddable":true,"href":"https:\/\/resiliencyclinic.com\/fr\/wp-json\/wp\/v2\/comments?post=4826"}],"version-history":[{"count":16,"href":"https:\/\/resiliencyclinic.com\/fr\/wp-json\/wp\/v2\/pages\/4826\/revisions"}],"predecessor-version":[{"id":67006,"href":"https:\/\/resiliencyclinic.com\/fr\/wp-json\/wp\/v2\/pages\/4826\/revisions\/67006"}],"up":[{"embeddable":true,"href":"https:\/\/resiliencyclinic.com\/fr\/wp-json\/wp\/v2\/pages\/242"}],"wp:featuredmedia":[{"embeddable":true,"href":"https:\/\/resiliencyclinic.com\/fr\/wp-json\/wp\/v2\/media\/4822"}],"wp:attachment":[{"href":"https:\/\/resiliencyclinic.com\/fr\/wp-json\/wp\/v2\/media?parent=4826"}],"curies":[{"name":"wp","href":"https:\/\/api.w.org\/{rel}","templated":true}]}}