{"id":48971,"date":"2024-12-17T01:01:35","date_gmt":"2024-12-17T05:01:35","guid":{"rendered":"https:\/\/resiliencyclinic.com\/?page_id=48971"},"modified":"2025-04-28T14:28:02","modified_gmt":"2025-04-28T18:28:02","slug":"jasmine-riley","status":"publish","type":"page","link":"https:\/\/resiliencyclinic.com\/fr\/rencontrer-lequipe\/jasmine-riley\/","title":{"rendered":"Jasmine Riley, candidate \u00e0 la ma\u00eetrise"},"content":{"rendered":"<div data-elementor-type=\"wp-page\" data-elementor-id=\"48971\" class=\"elementor elementor-48971\" data-elementor-post-type=\"page\">\n\t\t\t\t\t\t<section class=\"elementor-section elementor-top-section elementor-element elementor-element-2a3be2e elementor-section-boxed elementor-section-height-default elementor-section-height-default\" data-id=\"2a3be2e\" data-element_type=\"section\" data-e-type=\"section\" data-settings=\"{&quot;background_background&quot;:&quot;gradient&quot;}\">\n\t\t\t\t\t\t\t<div class=\"elementor-background-overlay\"><\/div>\n\t\t\t\t\t\t\t<div class=\"elementor-container elementor-column-gap-no\">\n\t\t\t\t\t<div class=\"elementor-column elementor-col-50 elementor-top-column elementor-element elementor-element-66391fc\" data-id=\"66391fc\" data-element_type=\"column\" data-e-type=\"column\">\n\t\t\t<div class=\"elementor-widget-wrap elementor-element-populated\">\n\t\t\t\t\t\t<div class=\"elementor-element elementor-element-5b3b1cc elementor-widget elementor-widget-heading\" data-id=\"5b3b1cc\" data-element_type=\"widget\" data-e-type=\"widget\" data-widget_type=\"heading.default\">\n\t\t\t\t<div class=\"elementor-widget-container\">\n\t\t\t\t\t<p class=\"elementor-heading-title elementor-size-default\">Jasmine Riley, MA\n<\/p>\t\t\t\t<\/div>\n\t\t\t\t<\/div>\n\t\t\t\t<div class=\"elementor-element elementor-element-947b759 elementor-widget-divider--view-line elementor-widget elementor-widget-divider\" data-id=\"947b759\" data-element_type=\"widget\" data-e-type=\"widget\" data-widget_type=\"divider.default\">\n\t\t\t\t<div class=\"elementor-widget-container\">\n\t\t\t\t\t\t\t<div class=\"elementor-divider\">\n\t\t\t<span class=\"elementor-divider-separator\">\n\t\t\t\t\t\t<\/span>\n\t\t<\/div>\n\t\t\t\t\t\t<\/div>\n\t\t\t\t<\/div>\n\t\t\t\t<div class=\"elementor-element elementor-element-c3f5ef2 elementor-widget elementor-widget-text-editor\" data-id=\"c3f5ef2\" data-element_type=\"widget\" data-e-type=\"widget\" data-widget_type=\"text-editor.default\">\n\t\t\t\t<div class=\"elementor-widget-container\">\n\t\t\t\t\t\t\t\t\t<p>Jasmine facilite le parcours de gu\u00e9rison en se basant sur la th\u00e9orie de l'attachement. Ce cadre permet d'explorer les relations cl\u00e9s qui fa\u00e7onnent la perception de soi d'un individu et sa place dans le monde.<\/p>\t\t\t\t\t\t\t\t<\/div>\n\t\t\t\t<\/div>\n\t\t\t\t<div class=\"elementor-element elementor-element-c136a06 elementor-align-left elementor-widget elementor-widget-button\" data-id=\"c136a06\" data-element_type=\"widget\" data-e-type=\"widget\" data-widget_type=\"button.default\">\n\t\t\t\t<div class=\"elementor-widget-container\">\n\t\t\t\t\t\t\t\t\t<div class=\"elementor-button-wrapper\">\n\t\t\t\t\t<a class=\"elementor-button elementor-button-link elementor-size-xs\" href=\"\/fr\/prendre-rendez-vous\/\">\n\t\t\t\t\t\t<span class=\"elementor-button-content-wrapper\">\n\t\t\t\t\t\t<span class=\"elementor-button-icon\">\n\t\t\t\t<i aria-hidden=\"true\" class=\"fas fa-long-arrow-alt-right\"><\/i>\t\t\t<\/span>\n\t\t\t\t\t\t\t\t\t<span class=\"elementor-button-text\">Demander un rendez-vous avec Jasmine<\/span>\n\t\t\t\t\t<\/span>\n\t\t\t\t\t<\/a>\n\t\t\t\t<\/div>\n\t\t\t\t\t\t\t\t<\/div>\n\t\t\t\t<\/div>\n\t\t\t\t\t<\/div>\n\t\t<\/div>\n\t\t\t\t<div class=\"elementor-column elementor-col-50 elementor-top-column elementor-element elementor-element-acdf385\" data-id=\"acdf385\" data-element_type=\"column\" data-e-type=\"column\">\n\t\t\t<div class=\"elementor-widget-wrap elementor-element-populated\">\n\t\t\t\t\t\t<div class=\"elementor-element elementor-element-4efc414 elementor-widget__width-initial elementor-widget elementor-widget-image\" data-id=\"4efc414\" data-element_type=\"widget\" data-e-type=\"widget\" data-widget_type=\"image.default\">\n\t\t\t\t<div class=\"elementor-widget-container\">\n\t\t\t\t\t\t\t\t\t\t\t\t\t\t\t<img decoding=\"async\" width=\"768\" height=\"512\" data-src=\"https:\/\/resiliencyclinic.com\/wp-content\/uploads\/2025\/03\/jasminehorizontal2-768x512.jpg\" class=\"attachment-medium_large size-medium_large wp-image-53507 lazyload\" alt=\"Jasmine Riley\" data-srcset=\"https:\/\/resiliencyclinic.com\/wp-content\/uploads\/2025\/03\/jasminehorizontal2-768x512.jpg 768w, https:\/\/resiliencyclinic.com\/wp-content\/uploads\/2025\/03\/jasminehorizontal2-300x200.jpg 300w, https:\/\/resiliencyclinic.com\/wp-content\/uploads\/2025\/03\/jasminehorizontal2-1024x683.jpg 1024w, https:\/\/resiliencyclinic.com\/wp-content\/uploads\/2025\/03\/jasminehorizontal2-1536x1024.jpg 1536w, https:\/\/resiliencyclinic.com\/wp-content\/uploads\/2025\/03\/jasminehorizontal2-18x12.jpg 18w, https:\/\/resiliencyclinic.com\/wp-content\/uploads\/2025\/03\/jasminehorizontal2.jpg 1600w\" data-sizes=\"(max-width: 768px) 100vw, 768px\" title=\"\" src=\"data:image\/svg+xml;base64,PHN2ZyB3aWR0aD0iMSIgaGVpZ2h0PSIxIiB4bWxucz0iaHR0cDovL3d3dy53My5vcmcvMjAwMC9zdmciPjwvc3ZnPg==\" style=\"--smush-placeholder-width: 768px; --smush-placeholder-aspect-ratio: 768\/512;\">\t\t\t\t\t\t\t\t\t\t\t\t\t\t\t<\/div>\n\t\t\t\t<\/div>\n\t\t\t\t\t<\/div>\n\t\t<\/div>\n\t\t\t\t\t<\/div>\n\t\t<\/section>\n\t\t\t\t<section class=\"elementor-section elementor-top-section elementor-element elementor-element-287eabec elementor-reverse-tablet elementor-reverse-mobile elementor-section-boxed elementor-section-height-default elementor-section-height-default\" data-id=\"287eabec\" data-element_type=\"section\" data-e-type=\"section\" data-settings=\"{&quot;background_background&quot;:&quot;classic&quot;}\">\n\t\t\t\t\t\t\t<div class=\"elementor-background-overlay\"><\/div>\n\t\t\t\t\t\t\t<div class=\"elementor-container elementor-column-gap-default\">\n\t\t\t\t\t<div class=\"elementor-column elementor-col-33 elementor-top-column elementor-element elementor-element-4294cfa\" data-id=\"4294cfa\" data-element_type=\"column\" data-e-type=\"column\">\n\t\t\t<div class=\"elementor-widget-wrap\">\n\t\t\t\t\t\t\t<\/div>\n\t\t<\/div>\n\t\t\t\t<div class=\"elementor-column elementor-col-33 elementor-top-column elementor-element elementor-element-513ac22\" data-id=\"513ac22\" data-element_type=\"column\" data-e-type=\"column\">\n\t\t\t<div class=\"elementor-widget-wrap elementor-element-populated\">\n\t\t\t\t\t\t<div class=\"elementor-element elementor-element-53bc462 elementor-widget elementor-widget-text-editor\" data-id=\"53bc462\" data-element_type=\"widget\" data-e-type=\"widget\" data-widget_type=\"text-editor.default\">\n\t\t\t\t<div class=\"elementor-widget-container\">\n\t\t\t\t\t\t\t\t\t<h1>Psychoth\u00e9rapeute agr\u00e9\u00e9 (qualification)<\/h1><p>Dans un monde o\u00f9 les individus arrivent en th\u00e9rapie avec le poids de pr\u00e9occupations diverses et d'exp\u00e9riences de vie uniques, Jasmine aborde le voyage de la gu\u00e9rison avec une base enracin\u00e9e dans la th\u00e9orie de l'attachement. Ce cadre perspicace sert de guide, permettant d'explorer les relations vitales qui fa\u00e7onnent la fa\u00e7on dont une personne se per\u00e7oit et se place dans le monde.<\/p><p>Jasmine int\u00e8gre harmonieusement diverses modalit\u00e9s th\u00e9rapeutiques, telles que la th\u00e9rapie centr\u00e9e sur les \u00e9motions (EFT), la th\u00e9rapie cognitivo-comportementale (TCC) et la th\u00e9rapie d'acceptation et d'engagement (ACT), en adaptant chaque approche aux besoins et aux objectifs sp\u00e9cifiques de chaque client. Reconnaissant qu'une relation th\u00e9rapeutique solide et empreinte de compassion est essentielle, elle cr\u00e9e un espace s\u00fbr o\u00f9 les clients peuvent explorer les causes sous-jacentes de leurs difficult\u00e9s.<\/p><p>Dans le cadre d'une collaboration, elle accompagne ses clients dans la r\u00e9solution des probl\u00e8mes qui les ont amen\u00e9s \u00e0 suivre une th\u00e9rapie, favorisant ainsi un parcours de gu\u00e9rison, d'acceptation de soi et de d\u00e9veloppement personnel. Dans un souci de compr\u00e9hension et d'orientation, elle aide les individus \u00e0 tracer leur propre chemin vers un changement positif.<\/p><p>Son exp\u00e9rience englobe le travail avec des adolescents et des adultes confront\u00e9s \u00e0 l'anxi\u00e9t\u00e9, \u00e0 la d\u00e9pression, aux traumatismes de l'enfance et aux troubles de la personnalit\u00e9. En outre, elle apporte son soutien aux parents qui naviguent dans les complexit\u00e9s de la vie familiale, en leur proposant des id\u00e9es et des strat\u00e9gies pour les aider \u00e0 surmonter leurs difficult\u00e9s.<\/p><p>Pour pr\u00e9senter son travail \u00e0 des clients potentiels, elle propose des consultations initiales gratuites de 15 minutes. Ces s\u00e9ances permettent d'\u00e9valuer si leur parcours th\u00e9rapeutique pourrait correspondre \u00e0 son approche. Les rendez-vous sont flexibles et peuvent \u00eatre fix\u00e9s en personne ou virtuellement, selon les pr\u00e9f\u00e9rences de chacun.<\/p><p><span style=\"font-family: arial, sans-serif;\">Le travail de psychoth\u00e9rapeute de Jasmine est compl\u00e9t\u00e9 par une riche exp\u00e9rience. Avant\u00a0<\/span>en terminant son Master of Arts en conseil, psychoth\u00e9rapie et spiritualit\u00e9<span style=\"font-family: arial, sans-serif;\">Elle y a obtenu une licence en communication et s'est lanc\u00e9e dans l'entrepreneuriat, poss\u00e9dant et g\u00e9rant avec succ\u00e8s deux petites entreprises dans la ville.<\/span><\/p>\t\t\t\t\t\t\t\t<\/div>\n\t\t\t\t<\/div>\n\t\t\t\t<div class=\"elementor-element elementor-element-b239fea elementor-align-center elementor-widget elementor-widget-button\" data-id=\"b239fea\" data-element_type=\"widget\" data-e-type=\"widget\" data-widget_type=\"button.default\">\n\t\t\t\t<div class=\"elementor-widget-container\">\n\t\t\t\t\t\t\t\t\t<div class=\"elementor-button-wrapper\">\n\t\t\t\t\t<a class=\"elementor-button elementor-button-link elementor-size-sm\" href=\"\/fr\/prendre-rendez-vous\/\">\n\t\t\t\t\t\t<span class=\"elementor-button-content-wrapper\">\n\t\t\t\t\t\t\t\t\t<span class=\"elementor-button-text\">Demander un rendez-vous avec Jasmine<\/span>\n\t\t\t\t\t<\/span>\n\t\t\t\t\t<\/a>\n\t\t\t\t<\/div>\n\t\t\t\t\t\t\t\t<\/div>\n\t\t\t\t<\/div>\n\t\t\t\t\t<\/div>\n\t\t<\/div>\n\t\t\t\t<div class=\"elementor-column elementor-col-33 elementor-top-column elementor-element elementor-element-190e684\" data-id=\"190e684\" data-element_type=\"column\" data-e-type=\"column\">\n\t\t\t<div class=\"elementor-widget-wrap\">\n\t\t\t\t\t\t\t<\/div>\n\t\t<\/div>\n\t\t\t\t\t<\/div>\n\t\t<\/section>\n\t\t\t\t<section class=\"elementor-section elementor-top-section elementor-element elementor-element-598ac17 elementor-section-boxed elementor-section-height-default elementor-section-height-default\" data-id=\"598ac17\" data-element_type=\"section\" data-e-type=\"section\">\n\t\t\t\t\t\t<div class=\"elementor-container elementor-column-gap-default\">\n\t\t\t\t\t<div class=\"elementor-column elementor-col-100 elementor-top-column elementor-element elementor-element-e112510\" data-id=\"e112510\" data-element_type=\"column\" data-e-type=\"column\">\n\t\t\t<div class=\"elementor-widget-wrap elementor-element-populated\">\n\t\t\t\t\t\t<div class=\"elementor-element elementor-element-9794665 elementor-widget elementor-widget-spacer\" data-id=\"9794665\" data-element_type=\"widget\" data-e-type=\"widget\" data-widget_type=\"spacer.default\">\n\t\t\t\t<div class=\"elementor-widget-container\">\n\t\t\t\t\t\t\t<div class=\"elementor-spacer\">\n\t\t\t<div class=\"elementor-spacer-inner\"><\/div>\n\t\t<\/div>\n\t\t\t\t\t\t<\/div>\n\t\t\t\t<\/div>\n\t\t\t\t\t<\/div>\n\t\t<\/div>\n\t\t\t\t\t<\/div>\n\t\t<\/section>\n\t\t\t\t<\/div>","protected":false},"excerpt":{"rendered":"<p>Jasmine Riley, MA Jasmine facilitates the healing journey using Attachment Theory as her guiding lens. This framework allows for the exploration of key relationships that shape an individual&#8217;s self-perception and their place in the world. Request an appointment with Jasmine Registered Psychotherapist (Qualifying) In a world where individuals arrive at therapy carrying the weight of [&hellip;]<\/p>\n","protected":false},"author":49,"featured_media":0,"parent":242,"menu_order":0,"comment_status":"closed","ping_status":"closed","template":"","meta":{"footnotes":""},"class_list":["post-48971","page","type-page","status-publish","hentry"],"_links":{"self":[{"href":"https:\/\/resiliencyclinic.com\/fr\/wp-json\/wp\/v2\/pages\/48971","targetHints":{"allow":["GET"]}}],"collection":[{"href":"https:\/\/resiliencyclinic.com\/fr\/wp-json\/wp\/v2\/pages"}],"about":[{"href":"https:\/\/resiliencyclinic.com\/fr\/wp-json\/wp\/v2\/types\/page"}],"author":[{"embeddable":true,"href":"https:\/\/resiliencyclinic.com\/fr\/wp-json\/wp\/v2\/users\/49"}],"replies":[{"embeddable":true,"href":"https:\/\/resiliencyclinic.com\/fr\/wp-json\/wp\/v2\/comments?post=48971"}],"version-history":[{"count":16,"href":"https:\/\/resiliencyclinic.com\/fr\/wp-json\/wp\/v2\/pages\/48971\/revisions"}],"predecessor-version":[{"id":55318,"href":"https:\/\/resiliencyclinic.com\/fr\/wp-json\/wp\/v2\/pages\/48971\/revisions\/55318"}],"up":[{"embeddable":true,"href":"https:\/\/resiliencyclinic.com\/fr\/wp-json\/wp\/v2\/pages\/242"}],"wp:attachment":[{"href":"https:\/\/resiliencyclinic.com\/fr\/wp-json\/wp\/v2\/media?parent=48971"}],"curies":[{"name":"wp","href":"https:\/\/api.w.org\/{rel}","templated":true}]}}