{"id":530,"date":"2020-10-12T22:34:51","date_gmt":"2020-10-12T22:34:51","guid":{"rendered":"https:\/\/resiliencyclinic.com\/?page_id=530"},"modified":"2025-08-11T13:09:08","modified_gmt":"2025-08-11T17:09:08","slug":"michelle-sorensen","status":"publish","type":"page","link":"https:\/\/resiliencyclinic.com\/fr\/rencontrer-lequipe\/michelle-sorensen\/","title":{"rendered":"Michelle Sorensen, M. ED"},"content":{"rendered":"<div data-elementor-type=\"wp-page\" data-elementor-id=\"530\" class=\"elementor elementor-530\" data-elementor-post-type=\"page\">\n\t\t\t\t\t\t<section class=\"elementor-section elementor-top-section elementor-element elementor-element-2a3be2e elementor-section-boxed elementor-section-height-default elementor-section-height-default\" data-id=\"2a3be2e\" data-element_type=\"section\" data-e-type=\"section\" data-settings=\"{&quot;background_background&quot;:&quot;gradient&quot;}\">\n\t\t\t\t\t\t\t<div class=\"elementor-background-overlay\"><\/div>\n\t\t\t\t\t\t\t<div class=\"elementor-container elementor-column-gap-default\">\n\t\t\t\t\t<div class=\"elementor-column elementor-col-50 elementor-top-column elementor-element elementor-element-66391fc\" data-id=\"66391fc\" data-element_type=\"column\" data-e-type=\"column\">\n\t\t\t<div class=\"elementor-widget-wrap elementor-element-populated\">\n\t\t\t\t\t\t<div class=\"elementor-element elementor-element-5b3b1cc elementor-widget elementor-widget-heading\" data-id=\"5b3b1cc\" data-element_type=\"widget\" data-e-type=\"widget\" data-widget_type=\"heading.default\">\n\t\t\t\t<div class=\"elementor-widget-container\">\n\t\t\t\t\t<p class=\"elementor-heading-title elementor-size-default\">Michelle Sorensen, M. ED<\/p>\t\t\t\t<\/div>\n\t\t\t\t<\/div>\n\t\t\t\t<div class=\"elementor-element elementor-element-947b759 elementor-widget-divider--view-line elementor-widget elementor-widget-divider\" data-id=\"947b759\" data-element_type=\"widget\" data-e-type=\"widget\" data-widget_type=\"divider.default\">\n\t\t\t\t<div class=\"elementor-widget-container\">\n\t\t\t\t\t\t\t<div class=\"elementor-divider\">\n\t\t\t<span class=\"elementor-divider-separator\">\n\t\t\t\t\t\t<\/span>\n\t\t<\/div>\n\t\t\t\t\t\t<\/div>\n\t\t\t\t<\/div>\n\t\t\t\t<div class=\"elementor-element elementor-element-c3f5ef2 elementor-widget elementor-widget-text-editor\" data-id=\"c3f5ef2\" data-element_type=\"widget\" data-e-type=\"widget\" data-widget_type=\"text-editor.default\">\n\t\t\t\t<div class=\"elementor-widget-container\">\n\t\t\t\t\t\t\t\t\t<p>Fondatrice de la Clinique de la r\u00e9silience et psychologue clinicienne agr\u00e9\u00e9e avec plus de 20 ans d'exp\u00e9rience.<\/p>\t\t\t\t\t\t\t\t<\/div>\n\t\t\t\t<\/div>\n\t\t\t\t<div class=\"elementor-element elementor-element-c136a06 elementor-align-center elementor-widget elementor-widget-button\" data-id=\"c136a06\" data-element_type=\"widget\" data-e-type=\"widget\" data-widget_type=\"button.default\">\n\t\t\t\t<div class=\"elementor-widget-container\">\n\t\t\t\t\t\t\t\t\t<div class=\"elementor-button-wrapper\">\n\t\t\t\t\t<a class=\"elementor-button elementor-button-link elementor-size-xs\" href=\"\/fr\/prendre-rendez-vous\/\">\n\t\t\t\t\t\t<span class=\"elementor-button-content-wrapper\">\n\t\t\t\t\t\t<span class=\"elementor-button-icon\">\n\t\t\t\t<i aria-hidden=\"true\" class=\"fas fa-long-arrow-alt-right\"><\/i>\t\t\t<\/span>\n\t\t\t\t\t\t\t\t\t<span class=\"elementor-button-text\">Demande de rendez-vous<\/span>\n\t\t\t\t\t<\/span>\n\t\t\t\t\t<\/a>\n\t\t\t\t<\/div>\n\t\t\t\t\t\t\t\t<\/div>\n\t\t\t\t<\/div>\n\t\t\t\t\t<\/div>\n\t\t<\/div>\n\t\t\t\t<div class=\"elementor-column elementor-col-50 elementor-top-column elementor-element elementor-element-acdf385\" data-id=\"acdf385\" data-element_type=\"column\" data-e-type=\"column\">\n\t\t\t<div class=\"elementor-widget-wrap elementor-element-populated\">\n\t\t\t\t\t\t<div class=\"elementor-element elementor-element-44b90ea elementor-widget elementor-widget-spacer\" data-id=\"44b90ea\" data-element_type=\"widget\" data-e-type=\"widget\" data-widget_type=\"spacer.default\">\n\t\t\t\t<div class=\"elementor-widget-container\">\n\t\t\t\t\t\t\t<div class=\"elementor-spacer\">\n\t\t\t<div class=\"elementor-spacer-inner\"><\/div>\n\t\t<\/div>\n\t\t\t\t\t\t<\/div>\n\t\t\t\t<\/div>\n\t\t\t\t<div class=\"elementor-element elementor-element-4efc414 elementor-widget elementor-widget-image\" data-id=\"4efc414\" data-element_type=\"widget\" data-e-type=\"widget\" data-widget_type=\"image.default\">\n\t\t\t\t<div class=\"elementor-widget-container\">\n\t\t\t\t\t\t\t\t\t\t\t\t\t\t\t<img decoding=\"async\" width=\"800\" height=\"534\" data-src=\"https:\/\/resiliencyclinic.com\/wp-content\/uploads\/2024\/06\/michelleprofile-1024x683.jpg\" class=\"attachment-large size-large wp-image-42382 lazyload\" alt=\"Michelle Sorensen, M. ED\" data-srcset=\"https:\/\/resiliencyclinic.com\/wp-content\/uploads\/2024\/06\/michelleprofile-1024x683.jpg 1024w, https:\/\/resiliencyclinic.com\/wp-content\/uploads\/2024\/06\/michelleprofile-300x200.jpg 300w, https:\/\/resiliencyclinic.com\/wp-content\/uploads\/2024\/06\/michelleprofile-768x512.jpg 768w, https:\/\/resiliencyclinic.com\/wp-content\/uploads\/2024\/06\/michelleprofile-1536x1024.jpg 1536w, https:\/\/resiliencyclinic.com\/wp-content\/uploads\/2024\/06\/michelleprofile.jpg 1600w\" data-sizes=\"(max-width: 800px) 100vw, 800px\" title=\"\" src=\"data:image\/svg+xml;base64,PHN2ZyB3aWR0aD0iMSIgaGVpZ2h0PSIxIiB4bWxucz0iaHR0cDovL3d3dy53My5vcmcvMjAwMC9zdmciPjwvc3ZnPg==\" style=\"--smush-placeholder-width: 800px; --smush-placeholder-aspect-ratio: 800\/534;\">\t\t\t\t\t\t\t\t\t\t\t\t\t\t\t<\/div>\n\t\t\t\t<\/div>\n\t\t\t\t\t<\/div>\n\t\t<\/div>\n\t\t\t\t\t<\/div>\n\t\t<\/section>\n\t\t\t\t<section class=\"elementor-section elementor-top-section elementor-element elementor-element-287eabec elementor-reverse-tablet elementor-reverse-mobile elementor-section-boxed elementor-section-height-default elementor-section-height-default\" data-id=\"287eabec\" data-element_type=\"section\" data-e-type=\"section\" data-settings=\"{&quot;background_background&quot;:&quot;classic&quot;}\">\n\t\t\t\t\t\t\t<div class=\"elementor-background-overlay\"><\/div>\n\t\t\t\t\t\t\t<div class=\"elementor-container elementor-column-gap-default\">\n\t\t\t\t\t<div class=\"elementor-column elementor-col-33 elementor-top-column elementor-element elementor-element-4294cfa\" data-id=\"4294cfa\" data-element_type=\"column\" data-e-type=\"column\">\n\t\t\t<div class=\"elementor-widget-wrap\">\n\t\t\t\t\t\t\t<\/div>\n\t\t<\/div>\n\t\t\t\t<div class=\"elementor-column elementor-col-33 elementor-top-column elementor-element elementor-element-513ac22\" data-id=\"513ac22\" data-element_type=\"column\" data-e-type=\"column\">\n\t\t\t<div class=\"elementor-widget-wrap elementor-element-populated\">\n\t\t\t\t\t\t<div class=\"elementor-element elementor-element-53bc462 elementor-widget elementor-widget-text-editor\" data-id=\"53bc462\" data-element_type=\"widget\" data-e-type=\"widget\" data-widget_type=\"text-editor.default\">\n\t\t\t\t<div class=\"elementor-widget-container\">\n\t\t\t\t\t\t\t\t\t<h1>Psychologue clinique<\/h1><p>Michelle Sorensen, fondatrice de la Clinique de la r\u00e9silience, est une psychologue clinicienne agr\u00e9\u00e9e qui a 25 ans d'exp\u00e9rience en mati\u00e8re de conseil.<span class=\"gmail_default\">l<\/span>Elle propose des services psychologiques et d'orientation pour un large \u00e9ventail de probl\u00e8mes personnels et de questions cliniques. En tant que fondatrice et directrice clinique de la Resiliency Clinic, Michelle supervise le travail clinique d'une \u00e9quipe de plus de 20 th\u00e9rapeutes et stagiaires, et assure une formation et un soutien continus pour les th\u00e9rapies individuelles et de couple. En tant que superviseur clinique, elle est toujours disponible pour r\u00e9pondre aux questions, aux commentaires et aux pr\u00e9occupations des clients<span class=\"gmail_default\">.<\/span><br \/><br \/>Michelle p<span class=\"gmail_default\">Elle accepte p\u00e9riodiquement de nouveaux clients dans son propre cabinet, en se concentrant sur le conseil en leadership et le coaching des parents (y compris les parents d'enfants adultes).<\/span>\u00a0Cependant,\u00a0<span class=\"gmail_default\">tous\u00a0<\/span>Les clients qui s'adressent \u00e0 la Clinique de la r\u00e9silience par l'interm\u00e9diaire du site Web, par courriel ou par t\u00e9l\u00e9phone obtiennent g\u00e9n\u00e9ralement une r\u00e9ponse directe de Michelle, qui les aide \u00e0 trouver le th\u00e9rapeute qui leur convient le mieux. Cette approche personnelle est une valeur fondamentale de la Clinique de la r\u00e9silience. Les clients sont invit\u00e9s \u00e0 demander \u00e0 Michelle de les appeler ou de leur envoyer un courriel \u00e0 tout moment pour les aider \u00e0 trouver le th\u00e9rapeute qui leur convient le mieux !<br \/><br \/>Michelle croit en un mod\u00e8le de collaboration pour la th\u00e9rapie, bas\u00e9 sur l'id\u00e9e qu'il y a deux experts dans la pi\u00e8ce, \u00e0 la fois le client et le th\u00e9rapeute. Elle consid\u00e8re que le r\u00f4le des praticiens est tr\u00e8s actif, qu'ils prennent l'initiative lorsque les clients ont besoin d'\u00eatre guid\u00e9s, et elle promeut cette approche \u00e0 la clinique et dans son propre travail clinique. Les th\u00e9rapeutes doivent savoir \u00e9couter, mais leur r\u00f4le ne se limite pas \u00e0 une \u00e9coute passive. Elle estime que la meilleure th\u00e9rapie consiste \u00e0 comprendre les liens entre nos pens\u00e9es, nos humeurs, nos comportements et nos sympt\u00f4mes physiques (l'essence m\u00eame d'une th\u00e9rapie cognitivo-comportementale bien men\u00e9e), puis \u00e0 aller de l'avant avec le changement \u00e0 un rythme qui convient au client. Elle estime \u00e9galement que si les clients sont responsables de leur propre changement, notre environnement et les circonstances de la vie font partie de notre r\u00e9silience et que de nombreuses personnes sont confront\u00e9es \u00e0 une adversit\u00e9 qui doit \u00eatre valid\u00e9e et reconnue et, dans certains cas, faire l'objet d'un deuil.\u00a0<br \/><br \/>Michelle a \u00e9t\u00e9 enregistr\u00e9e aupr\u00e8s de l\u00a0<a title=\"\" href=\"http:\/\/www.cpo.on.ca\/\" target=\"_blank\" rel=\"noopener\" data-saferedirecturl=\"https:\/\/www.google.com\/url?q=http:\/\/www.cpo.on.ca\/&amp;source=gmail&amp;ust=1755017497302000&amp;usg=AOvVaw0mI9P56OLTTUpswkbubKmU\">Ordre des psychologues de l'Ontario<\/a>\u00a0Michelle est membre de l'Association des psychologues et analystes du comportement de l'Ontario depuis 2006, d'abord en tant qu'associ\u00e9e en psychologie et maintenant en tant que psychologue.  Michelle est \u00e9galement membre du\u00a0<a title=\"\" href=\"http:\/\/www.psych.on.ca\/\" target=\"_blank\" rel=\"noopener\" data-saferedirecturl=\"https:\/\/www.google.com\/url?q=http:\/\/www.psych.on.ca\/&amp;source=gmail&amp;ust=1755017497302000&amp;usg=AOvVaw0vEkXjGxRyik_Z1Xd8xDqW\">Association de psychologie de l'Ontario<\/a>. Elle exerce en cabinet priv\u00e9 depuis 2002, d'abord sous la supervision d'autres m\u00e9decins.\u00a0<span class=\"gmail_default\">estim\u00e9e et exp\u00e9riment\u00e9e\u00a0<\/span>psychologues<span class=\"gmail_default\">,<\/span><span class=\"gmail_default\">\u00a0pendant ses ann\u00e9es de pratique supervis\u00e9e \u00e0 Toronto, Ontario.\u00a0<\/span><br \/><br \/>Elle a obtenu son baccalaur\u00e9at \u00e8s arts avec mention tr\u00e8s bien en 1997 \u00e0 l'universit\u00e9 Queen's, puis son master en psychologie du conseil \u00e0 l'Institut d'\u00e9tudes p\u00e9dagogiques de l'Ontario (OISE) de l'universit\u00e9 de Toronto en 2000. Michelle est la m\u00e8re de quatre adolescents tr\u00e8s occup\u00e9s. Elle aime s'impliquer dans la communaut\u00e9 d'Ottawa et soutenir d'autres petites entreprises locales.\u00a0<\/p>\t\t\t\t\t\t\t\t<\/div>\n\t\t\t\t<\/div>\n\t\t\t\t<div class=\"elementor-element elementor-element-b239fea elementor-align-center elementor-widget elementor-widget-button\" data-id=\"b239fea\" data-element_type=\"widget\" data-e-type=\"widget\" data-widget_type=\"button.default\">\n\t\t\t\t<div class=\"elementor-widget-container\">\n\t\t\t\t\t\t\t\t\t<div class=\"elementor-button-wrapper\">\n\t\t\t\t\t<a class=\"elementor-button elementor-button-link elementor-size-sm\" href=\"\/fr\/prendre-rendez-vous\/\">\n\t\t\t\t\t\t<span class=\"elementor-button-content-wrapper\">\n\t\t\t\t\t\t\t\t\t<span class=\"elementor-button-text\">Demander un rendez-vous avec Michelle<\/span>\n\t\t\t\t\t<\/span>\n\t\t\t\t\t<\/a>\n\t\t\t\t<\/div>\n\t\t\t\t\t\t\t\t<\/div>\n\t\t\t\t<\/div>\n\t\t\t\t\t<\/div>\n\t\t<\/div>\n\t\t\t\t<div class=\"elementor-column elementor-col-33 elementor-top-column elementor-element elementor-element-190e684\" data-id=\"190e684\" data-element_type=\"column\" data-e-type=\"column\">\n\t\t\t<div class=\"elementor-widget-wrap\">\n\t\t\t\t\t\t\t<\/div>\n\t\t<\/div>\n\t\t\t\t\t<\/div>\n\t\t<\/section>\n\t\t\t\t<section class=\"elementor-section elementor-top-section elementor-element elementor-element-598ac17 elementor-section-boxed elementor-section-height-default elementor-section-height-default\" data-id=\"598ac17\" data-element_type=\"section\" data-e-type=\"section\">\n\t\t\t\t\t\t<div class=\"elementor-container elementor-column-gap-default\">\n\t\t\t\t\t<div class=\"elementor-column elementor-col-100 elementor-top-column elementor-element elementor-element-e112510\" data-id=\"e112510\" data-element_type=\"column\" data-e-type=\"column\">\n\t\t\t<div class=\"elementor-widget-wrap elementor-element-populated\">\n\t\t\t\t\t\t<div class=\"elementor-element elementor-element-9794665 elementor-widget elementor-widget-spacer\" data-id=\"9794665\" data-element_type=\"widget\" data-e-type=\"widget\" data-widget_type=\"spacer.default\">\n\t\t\t\t<div class=\"elementor-widget-container\">\n\t\t\t\t\t\t\t<div class=\"elementor-spacer\">\n\t\t\t<div class=\"elementor-spacer-inner\"><\/div>\n\t\t<\/div>\n\t\t\t\t\t\t<\/div>\n\t\t\t\t<\/div>\n\t\t\t\t\t<\/div>\n\t\t<\/div>\n\t\t\t\t\t<\/div>\n\t\t<\/section>\n\t\t\t\t<\/div>","protected":false},"excerpt":{"rendered":"<p>Michelle Sorensen, M. ED Founder of the Resiliency Clinic and registered clinical psychologist with over 20 years of experience. Request an appointment Clinical Psychologist Michelle Sorensen, the founder of the Resiliency Clinic, is a registered clinical psychologist with 25 years of experience providing counselling and psychological services for a wide range of personal problems and [&hellip;]<\/p>\n","protected":false},"author":1,"featured_media":97,"parent":242,"menu_order":0,"comment_status":"closed","ping_status":"closed","template":"","meta":{"footnotes":""},"class_list":["post-530","page","type-page","status-publish","has-post-thumbnail","hentry"],"_links":{"self":[{"href":"https:\/\/resiliencyclinic.com\/fr\/wp-json\/wp\/v2\/pages\/530","targetHints":{"allow":["GET"]}}],"collection":[{"href":"https:\/\/resiliencyclinic.com\/fr\/wp-json\/wp\/v2\/pages"}],"about":[{"href":"https:\/\/resiliencyclinic.com\/fr\/wp-json\/wp\/v2\/types\/page"}],"author":[{"embeddable":true,"href":"https:\/\/resiliencyclinic.com\/fr\/wp-json\/wp\/v2\/users\/1"}],"replies":[{"embeddable":true,"href":"https:\/\/resiliencyclinic.com\/fr\/wp-json\/wp\/v2\/comments?post=530"}],"version-history":[{"count":15,"href":"https:\/\/resiliencyclinic.com\/fr\/wp-json\/wp\/v2\/pages\/530\/revisions"}],"predecessor-version":[{"id":64076,"href":"https:\/\/resiliencyclinic.com\/fr\/wp-json\/wp\/v2\/pages\/530\/revisions\/64076"}],"up":[{"embeddable":true,"href":"https:\/\/resiliencyclinic.com\/fr\/wp-json\/wp\/v2\/pages\/242"}],"wp:featuredmedia":[{"embeddable":true,"href":"https:\/\/resiliencyclinic.com\/fr\/wp-json\/wp\/v2\/media\/97"}],"wp:attachment":[{"href":"https:\/\/resiliencyclinic.com\/fr\/wp-json\/wp\/v2\/media?parent=530"}],"curies":[{"name":"wp","href":"https:\/\/api.w.org\/{rel}","templated":true}]}}