{"id":54690,"date":"2025-04-09T17:15:59","date_gmt":"2025-04-09T21:15:59","guid":{"rendered":"https:\/\/resiliencyclinic.com\/?page_id=54690"},"modified":"2025-11-17T09:55:36","modified_gmt":"2025-11-17T13:55:36","slug":"gal-zohar-m-ed","status":"publish","type":"page","link":"https:\/\/resiliencyclinic.com\/fr\/rencontrer-lequipe\/gal-zohar-m-ed\/","title":{"rendered":"Gal Zohar, M.Ed."},"content":{"rendered":"<div data-elementor-type=\"wp-page\" data-elementor-id=\"54690\" class=\"elementor elementor-54690\" data-elementor-post-type=\"page\">\n\t\t\t\t\t\t<section class=\"elementor-section elementor-top-section elementor-element elementor-element-2a3be2e elementor-section-boxed elementor-section-height-default elementor-section-height-default\" data-id=\"2a3be2e\" data-element_type=\"section\" data-e-type=\"section\" data-settings=\"{&quot;background_background&quot;:&quot;gradient&quot;}\">\n\t\t\t\t\t\t\t<div class=\"elementor-background-overlay\"><\/div>\n\t\t\t\t\t\t\t<div class=\"elementor-container elementor-column-gap-no\">\n\t\t\t\t\t<div class=\"elementor-column elementor-col-50 elementor-top-column elementor-element elementor-element-66391fc\" data-id=\"66391fc\" data-element_type=\"column\" data-e-type=\"column\">\n\t\t\t<div class=\"elementor-widget-wrap elementor-element-populated\">\n\t\t\t\t\t\t<div class=\"elementor-element elementor-element-5b3b1cc elementor-widget elementor-widget-heading\" data-id=\"5b3b1cc\" data-element_type=\"widget\" data-e-type=\"widget\" data-widget_type=\"heading.default\">\n\t\t\t\t<div class=\"elementor-widget-container\">\n\t\t\t\t\t<p class=\"elementor-heading-title elementor-size-default\">GAL ZOHAR, M.ED.<\/p>\t\t\t\t<\/div>\n\t\t\t\t<\/div>\n\t\t\t\t<div class=\"elementor-element elementor-element-947b759 elementor-widget-divider--view-line elementor-widget elementor-widget-divider\" data-id=\"947b759\" data-element_type=\"widget\" data-e-type=\"widget\" data-widget_type=\"divider.default\">\n\t\t\t\t<div class=\"elementor-widget-container\">\n\t\t\t\t\t\t\t<div class=\"elementor-divider\">\n\t\t\t<span class=\"elementor-divider-separator\">\n\t\t\t\t\t\t<\/span>\n\t\t<\/div>\n\t\t\t\t\t\t<\/div>\n\t\t\t\t<\/div>\n\t\t\t\t<div class=\"elementor-element elementor-element-c3f5ef2 elementor-widget elementor-widget-text-editor\" data-id=\"c3f5ef2\" data-element_type=\"widget\" data-e-type=\"widget\" data-widget_type=\"text-editor.default\">\n\t\t\t\t<div class=\"elementor-widget-container\">\n\t\t\t\t\t\t\t\t\t<p>Gal est une th\u00e9rapeute compatissante qui se consacre \u00e0 la cr\u00e9ation d'un espace s\u00fbr et positif o\u00f9 les clients peuvent approfondir leur conscience de soi, traiter les d\u00e9fis de la vie et se reconnecter \u00e0 leur r\u00e9silience int\u00e9rieure. Elle croit que la gu\u00e9rison commence \u00e0 l'int\u00e9rieur et que chaque personne est l'experte de sa propre vie.<\/p>\t\t\t\t\t\t\t\t<\/div>\n\t\t\t\t<\/div>\n\t\t\t\t<div class=\"elementor-element elementor-element-c136a06 elementor-align-left elementor-widget elementor-widget-button\" data-id=\"c136a06\" data-element_type=\"widget\" data-e-type=\"widget\" data-widget_type=\"button.default\">\n\t\t\t\t<div class=\"elementor-widget-container\">\n\t\t\t\t\t\t\t\t\t<div class=\"elementor-button-wrapper\">\n\t\t\t\t\t<a class=\"elementor-button elementor-button-link elementor-size-xs\" href=\"\/fr\/prendre-rendez-vous\/\">\n\t\t\t\t\t\t<span class=\"elementor-button-content-wrapper\">\n\t\t\t\t\t\t<span class=\"elementor-button-icon\">\n\t\t\t\t<i aria-hidden=\"true\" class=\"fas fa-long-arrow-alt-right\"><\/i>\t\t\t<\/span>\n\t\t\t\t\t\t\t\t\t<span class=\"elementor-button-text\">Demander un rendez-vous avec Gal<\/span>\n\t\t\t\t\t<\/span>\n\t\t\t\t\t<\/a>\n\t\t\t\t<\/div>\n\t\t\t\t\t\t\t\t<\/div>\n\t\t\t\t<\/div>\n\t\t\t\t\t<\/div>\n\t\t<\/div>\n\t\t\t\t<div class=\"elementor-column elementor-col-50 elementor-top-column elementor-element elementor-element-acdf385\" data-id=\"acdf385\" data-element_type=\"column\" data-e-type=\"column\">\n\t\t\t<div class=\"elementor-widget-wrap elementor-element-populated\">\n\t\t\t\t\t\t<div class=\"elementor-element elementor-element-4efc414 elementor-widget__width-initial elementor-widget elementor-widget-image\" data-id=\"4efc414\" data-element_type=\"widget\" data-e-type=\"widget\" data-widget_type=\"image.default\">\n\t\t\t\t<div class=\"elementor-widget-container\">\n\t\t\t\t\t\t\t\t\t\t\t\t\t\t\t<img decoding=\"async\" width=\"1600\" height=\"1067\" data-src=\"https:\/\/resiliencyclinic.com\/wp-content\/uploads\/2025\/09\/Resiliency_Clinic_Gal-Ottawa-Therapist.jpg\" class=\"attachment-full size-full wp-image-66511 lazyload\" alt=\"Clinique de r\u00e9silience Gal Psychoth\u00e9rapeute Ottawa\" data-srcset=\"https:\/\/resiliencyclinic.com\/wp-content\/uploads\/2025\/09\/Resiliency_Clinic_Gal-Ottawa-Therapist.jpg 1600w, https:\/\/resiliencyclinic.com\/wp-content\/uploads\/2025\/09\/Resiliency_Clinic_Gal-Ottawa-Therapist-300x200.jpg 300w, https:\/\/resiliencyclinic.com\/wp-content\/uploads\/2025\/09\/Resiliency_Clinic_Gal-Ottawa-Therapist-1024x683.jpg 1024w, https:\/\/resiliencyclinic.com\/wp-content\/uploads\/2025\/09\/Resiliency_Clinic_Gal-Ottawa-Therapist-768x512.jpg 768w, https:\/\/resiliencyclinic.com\/wp-content\/uploads\/2025\/09\/Resiliency_Clinic_Gal-Ottawa-Therapist-1536x1024.jpg 1536w, https:\/\/resiliencyclinic.com\/wp-content\/uploads\/2025\/09\/Resiliency_Clinic_Gal-Ottawa-Therapist-18x12.jpg 18w\" data-sizes=\"(max-width: 1600px) 100vw, 1600px\" title=\"\" src=\"data:image\/svg+xml;base64,PHN2ZyB3aWR0aD0iMSIgaGVpZ2h0PSIxIiB4bWxucz0iaHR0cDovL3d3dy53My5vcmcvMjAwMC9zdmciPjwvc3ZnPg==\" style=\"--smush-placeholder-width: 1600px; --smush-placeholder-aspect-ratio: 1600\/1067;\">\t\t\t\t\t\t\t\t\t\t\t\t\t\t\t<\/div>\n\t\t\t\t<\/div>\n\t\t\t\t\t<\/div>\n\t\t<\/div>\n\t\t\t\t\t<\/div>\n\t\t<\/section>\n\t\t\t\t<section class=\"elementor-section elementor-top-section elementor-element elementor-element-287eabec elementor-reverse-tablet elementor-reverse-mobile elementor-section-boxed elementor-section-height-default elementor-section-height-default\" data-id=\"287eabec\" data-element_type=\"section\" data-e-type=\"section\" data-settings=\"{&quot;background_background&quot;:&quot;classic&quot;}\">\n\t\t\t\t\t\t\t<div class=\"elementor-background-overlay\"><\/div>\n\t\t\t\t\t\t\t<div class=\"elementor-container elementor-column-gap-default\">\n\t\t\t\t\t<div class=\"elementor-column elementor-col-33 elementor-top-column elementor-element elementor-element-4294cfa\" data-id=\"4294cfa\" data-element_type=\"column\" data-e-type=\"column\">\n\t\t\t<div class=\"elementor-widget-wrap\">\n\t\t\t\t\t\t\t<\/div>\n\t\t<\/div>\n\t\t\t\t<div class=\"elementor-column elementor-col-33 elementor-top-column elementor-element elementor-element-513ac22\" data-id=\"513ac22\" data-element_type=\"column\" data-e-type=\"column\">\n\t\t\t<div class=\"elementor-widget-wrap elementor-element-populated\">\n\t\t\t\t\t\t<div class=\"elementor-element elementor-element-53bc462 elementor-widget elementor-widget-text-editor\" data-id=\"53bc462\" data-element_type=\"widget\" data-e-type=\"widget\" data-widget_type=\"text-editor.default\">\n\t\t\t\t<div class=\"elementor-widget-container\">\n\t\t\t\t\t\t\t\t\t<h1>Psychoth\u00e9rapeute agr\u00e9\u00e9 (qualification)<\/h1><p>Gal s'engage \u00e0 cr\u00e9er un espace s\u00fbr o\u00f9 les clients peuvent approfondir leur conscience de soi, acqu\u00e9rir une meilleure compr\u00e9hension d'eux-m\u00eames et puiser dans leur r\u00e9silience int\u00e9rieure. Au c\u0153ur de sa pratique se trouve la conviction que la gu\u00e9rison se produit dans la connexion - \u00e0 la fois avec soi-m\u00eame et avec les autres - et que les clients ne sont pas d\u00e9finis par leur pass\u00e9 et ont la force de s'\u00e9panouir malgr\u00e9 les revers. Passionn\u00e9e par l'exploration de la fa\u00e7on dont les exp\u00e9riences pr\u00e9coces et relationnelles fa\u00e7onnent la vie des gens, Gal aide ses clients \u00e0 d\u00e9couvrir et \u00e0 gu\u00e9rir les causes profondes des luttes r\u00e9currentes, \u00e0 explorer les couches plus profondes de leurs exp\u00e9riences et \u00e0 \u00e9tablir des liens plus authentiques avec eux-m\u00eames et avec les autres.<br \/><br \/>L'approche de Gal est chaleureuse, compatissante et adapt\u00e9e aux besoins uniques de chaque client. Combinant des approches humanistes, bas\u00e9es sur l'attachement, centr\u00e9es sur l'\u00e9motion, psychodynamiques et de travail sur les parties, elle propose un style de th\u00e9rapie relationnelle qui met l'accent sur la relation th\u00e9rapeutique en tant qu'outil de croissance et de gu\u00e9rison. L'exp\u00e9rience d'une connexion s\u00fbre et confiante en th\u00e9rapie peut permettre aux clients de ressentir une v\u00e9ritable s\u00e9curit\u00e9, une acceptation et une compr\u00e9hension.<br \/><br \/>Elle soutient les clients\u00a0<span class=\"gmail_default\">\u00e0\u00a0<\/span>Les personnes qui en b\u00e9n\u00e9ficient peuvent acqu\u00e9rir une meilleure compr\u00e9hension, d\u00e9velopper l'acceptation de soi et cr\u00e9er des changements significatifs. Gal travaille avec l'anxi\u00e9t\u00e9, les traumatismes, l'attachement et les difficult\u00e9s relationnelles, la dynamique familiale, le r\u00f4le parental, l'estime de soi et la croissance personnelle. Elle est titulaire d'une ma\u00eetrise en psychologie du counseling de l'Universit\u00e9 d'Ottawa et est psychoth\u00e9rapeute agr\u00e9\u00e9e (qualification) aupr\u00e8s de l'Ordre des psychoth\u00e9rapeutes agr\u00e9\u00e9s de l'Ontario.<br \/><br \/><b>Gal a le plaisir de proposer des sessions en personne et des sessions virtuelles.<\/b><\/p>\t\t\t\t\t\t\t\t<\/div>\n\t\t\t\t<\/div>\n\t\t\t\t<div class=\"elementor-element elementor-element-b239fea elementor-align-center elementor-widget elementor-widget-button\" data-id=\"b239fea\" data-element_type=\"widget\" data-e-type=\"widget\" data-widget_type=\"button.default\">\n\t\t\t\t<div class=\"elementor-widget-container\">\n\t\t\t\t\t\t\t\t\t<div class=\"elementor-button-wrapper\">\n\t\t\t\t\t<a class=\"elementor-button elementor-button-link elementor-size-sm\" href=\"\/fr\/prendre-rendez-vous\/\">\n\t\t\t\t\t\t<span class=\"elementor-button-content-wrapper\">\n\t\t\t\t\t\t\t\t\t<span class=\"elementor-button-text\">Demander un rendez-vous avec Gal<\/span>\n\t\t\t\t\t<\/span>\n\t\t\t\t\t<\/a>\n\t\t\t\t<\/div>\n\t\t\t\t\t\t\t\t<\/div>\n\t\t\t\t<\/div>\n\t\t\t\t\t<\/div>\n\t\t<\/div>\n\t\t\t\t<div class=\"elementor-column elementor-col-33 elementor-top-column elementor-element elementor-element-190e684\" data-id=\"190e684\" data-element_type=\"column\" data-e-type=\"column\">\n\t\t\t<div class=\"elementor-widget-wrap\">\n\t\t\t\t\t\t\t<\/div>\n\t\t<\/div>\n\t\t\t\t\t<\/div>\n\t\t<\/section>\n\t\t\t\t<section class=\"elementor-section elementor-top-section elementor-element elementor-element-598ac17 elementor-section-boxed elementor-section-height-default elementor-section-height-default\" data-id=\"598ac17\" data-element_type=\"section\" data-e-type=\"section\">\n\t\t\t\t\t\t<div class=\"elementor-container elementor-column-gap-default\">\n\t\t\t\t\t<div class=\"elementor-column elementor-col-100 elementor-top-column elementor-element elementor-element-e112510\" data-id=\"e112510\" data-element_type=\"column\" data-e-type=\"column\">\n\t\t\t<div class=\"elementor-widget-wrap elementor-element-populated\">\n\t\t\t\t\t\t<div class=\"elementor-element elementor-element-9794665 elementor-widget elementor-widget-spacer\" data-id=\"9794665\" data-element_type=\"widget\" data-e-type=\"widget\" data-widget_type=\"spacer.default\">\n\t\t\t\t<div class=\"elementor-widget-container\">\n\t\t\t\t\t\t\t<div class=\"elementor-spacer\">\n\t\t\t<div class=\"elementor-spacer-inner\"><\/div>\n\t\t<\/div>\n\t\t\t\t\t\t<\/div>\n\t\t\t\t<\/div>\n\t\t\t\t\t<\/div>\n\t\t<\/div>\n\t\t\t\t\t<\/div>\n\t\t<\/section>\n\t\t\t\t<\/div>","protected":false},"excerpt":{"rendered":"<p>Gal est une th\u00e9rapeute compatissante situ\u00e9e \u00e0 Ottawa qui se consacre \u00e0 la cr\u00e9ation d'un espace s\u00fbr et positif o\u00f9 les clients peuvent approfondir leur conscience de soi, traiter les d\u00e9fis de la vie et se reconnecter \u00e0 leur r\u00e9silience int\u00e9rieure.<\/p>","protected":false},"author":50,"featured_media":54548,"parent":242,"menu_order":0,"comment_status":"closed","ping_status":"closed","template":"","meta":{"footnotes":""},"class_list":["post-54690","page","type-page","status-publish","has-post-thumbnail","hentry"],"_links":{"self":[{"href":"https:\/\/resiliencyclinic.com\/fr\/wp-json\/wp\/v2\/pages\/54690","targetHints":{"allow":["GET"]}}],"collection":[{"href":"https:\/\/resiliencyclinic.com\/fr\/wp-json\/wp\/v2\/pages"}],"about":[{"href":"https:\/\/resiliencyclinic.com\/fr\/wp-json\/wp\/v2\/types\/page"}],"author":[{"embeddable":true,"href":"https:\/\/resiliencyclinic.com\/fr\/wp-json\/wp\/v2\/users\/50"}],"replies":[{"embeddable":true,"href":"https:\/\/resiliencyclinic.com\/fr\/wp-json\/wp\/v2\/comments?post=54690"}],"version-history":[{"count":12,"href":"https:\/\/resiliencyclinic.com\/fr\/wp-json\/wp\/v2\/pages\/54690\/revisions"}],"predecessor-version":[{"id":66847,"href":"https:\/\/resiliencyclinic.com\/fr\/wp-json\/wp\/v2\/pages\/54690\/revisions\/66847"}],"up":[{"embeddable":true,"href":"https:\/\/resiliencyclinic.com\/fr\/wp-json\/wp\/v2\/pages\/242"}],"wp:featuredmedia":[{"embeddable":true,"href":"https:\/\/resiliencyclinic.com\/fr\/wp-json\/wp\/v2\/media\/54548"}],"wp:attachment":[{"href":"https:\/\/resiliencyclinic.com\/fr\/wp-json\/wp\/v2\/media?parent=54690"}],"curies":[{"name":"wp","href":"https:\/\/api.w.org\/{rel}","templated":true}]}}