{"id":621,"date":"2020-10-23T00:21:24","date_gmt":"2020-10-23T04:21:24","guid":{"rendered":"https:\/\/resiliencyclinic.com\/?page_id=621"},"modified":"2024-09-04T23:32:10","modified_gmt":"2024-09-05T03:32:10","slug":"ashley-currie","status":"publish","type":"page","link":"https:\/\/resiliencyclinic.com\/fr\/rencontrer-lequipe\/ashley-currie\/","title":{"rendered":"Ashley Currie, MA"},"content":{"rendered":"<div data-elementor-type=\"wp-page\" data-elementor-id=\"621\" class=\"elementor elementor-621\" data-elementor-post-type=\"page\">\n\t\t\t\t\t\t<section class=\"elementor-section elementor-top-section elementor-element elementor-element-2a3be2e elementor-section-boxed elementor-section-height-default elementor-section-height-default\" data-id=\"2a3be2e\" data-element_type=\"section\" data-e-type=\"section\" data-settings=\"{&quot;background_background&quot;:&quot;gradient&quot;}\">\n\t\t\t\t\t\t\t<div class=\"elementor-background-overlay\"><\/div>\n\t\t\t\t\t\t\t<div class=\"elementor-container elementor-column-gap-default\">\n\t\t\t\t\t<div class=\"elementor-column elementor-col-50 elementor-top-column elementor-element elementor-element-66391fc\" data-id=\"66391fc\" data-element_type=\"column\" data-e-type=\"column\">\n\t\t\t<div class=\"elementor-widget-wrap elementor-element-populated\">\n\t\t\t\t\t\t<div class=\"elementor-element elementor-element-5b3b1cc elementor-widget elementor-widget-heading\" data-id=\"5b3b1cc\" data-element_type=\"widget\" data-e-type=\"widget\" data-widget_type=\"heading.default\">\n\t\t\t\t<div class=\"elementor-widget-container\">\n\t\t\t\t\t<p class=\"elementor-heading-title elementor-size-default\">Ashley Currie, MA<\/p>\t\t\t\t<\/div>\n\t\t\t\t<\/div>\n\t\t\t\t<div class=\"elementor-element elementor-element-947b759 elementor-widget-divider--view-line elementor-widget elementor-widget-divider\" data-id=\"947b759\" data-element_type=\"widget\" data-e-type=\"widget\" data-widget_type=\"divider.default\">\n\t\t\t\t<div class=\"elementor-widget-container\">\n\t\t\t\t\t\t\t<div class=\"elementor-divider\">\n\t\t\t<span class=\"elementor-divider-separator\">\n\t\t\t\t\t\t<\/span>\n\t\t<\/div>\n\t\t\t\t\t\t<\/div>\n\t\t\t\t<\/div>\n\t\t\t\t<div class=\"elementor-element elementor-element-c3f5ef2 elementor-widget elementor-widget-text-editor\" data-id=\"c3f5ef2\" data-element_type=\"widget\" data-e-type=\"widget\" data-widget_type=\"text-editor.default\">\n\t\t\t\t<div class=\"elementor-widget-container\">\n\t\t\t\t\t\t\t\t\t<p>Donner \u00e0 chaque client les moyens de trouver des strat\u00e9gies efficaces pour faire face \u00e0 ses propres difficult\u00e9s, tout en soutenant les personnes confront\u00e9es \u00e0 divers probl\u00e8mes tels que la gestion du diab\u00e8te et des maladies chroniques.<\/p>\t\t\t\t\t\t\t\t<\/div>\n\t\t\t\t<\/div>\n\t\t\t\t<div class=\"elementor-element elementor-element-c136a06 elementor-align-left elementor-widget elementor-widget-button\" data-id=\"c136a06\" data-element_type=\"widget\" data-e-type=\"widget\" data-widget_type=\"button.default\">\n\t\t\t\t<div class=\"elementor-widget-container\">\n\t\t\t\t\t\t\t\t\t<div class=\"elementor-button-wrapper\">\n\t\t\t\t\t<a class=\"elementor-button elementor-button-link elementor-size-xs\" href=\"\/fr\/prendre-rendez-vous\/\">\n\t\t\t\t\t\t<span class=\"elementor-button-content-wrapper\">\n\t\t\t\t\t\t<span class=\"elementor-button-icon\">\n\t\t\t\t<i aria-hidden=\"true\" class=\"fas fa-long-arrow-alt-right\"><\/i>\t\t\t<\/span>\n\t\t\t\t\t\t\t\t\t<span class=\"elementor-button-text\">Demander un rendez-vous avec Ashley<\/span>\n\t\t\t\t\t<\/span>\n\t\t\t\t\t<\/a>\n\t\t\t\t<\/div>\n\t\t\t\t\t\t\t\t<\/div>\n\t\t\t\t<\/div>\n\t\t\t\t\t<\/div>\n\t\t<\/div>\n\t\t\t\t<div class=\"elementor-column elementor-col-50 elementor-top-column elementor-element elementor-element-acdf385\" data-id=\"acdf385\" data-element_type=\"column\" data-e-type=\"column\">\n\t\t\t<div class=\"elementor-widget-wrap elementor-element-populated\">\n\t\t\t\t\t\t<div class=\"elementor-element elementor-element-44b90ea elementor-widget elementor-widget-spacer\" data-id=\"44b90ea\" data-element_type=\"widget\" data-e-type=\"widget\" data-widget_type=\"spacer.default\">\n\t\t\t\t<div class=\"elementor-widget-container\">\n\t\t\t\t\t\t\t<div class=\"elementor-spacer\">\n\t\t\t<div class=\"elementor-spacer-inner\"><\/div>\n\t\t<\/div>\n\t\t\t\t\t\t<\/div>\n\t\t\t\t<\/div>\n\t\t\t\t<div class=\"elementor-element elementor-element-4efc414 elementor-widget elementor-widget-image\" data-id=\"4efc414\" data-element_type=\"widget\" data-e-type=\"widget\" data-widget_type=\"image.default\">\n\t\t\t\t<div class=\"elementor-widget-container\">\n\t\t\t\t\t\t\t\t\t\t\t\t\t\t\t<img decoding=\"async\" width=\"1600\" height=\"1067\" data-src=\"https:\/\/resiliencyclinic.com\/wp-content\/uploads\/2024\/09\/ashley_037_websize.jpg\" class=\"attachment-full size-full wp-image-44661 lazyload\" alt=\"Ashley Currie\" data-srcset=\"https:\/\/resiliencyclinic.com\/wp-content\/uploads\/2024\/09\/ashley_037_websize.jpg 1600w, https:\/\/resiliencyclinic.com\/wp-content\/uploads\/2024\/09\/ashley_037_websize-300x200.jpg 300w, https:\/\/resiliencyclinic.com\/wp-content\/uploads\/2024\/09\/ashley_037_websize-1024x683.jpg 1024w, https:\/\/resiliencyclinic.com\/wp-content\/uploads\/2024\/09\/ashley_037_websize-768x512.jpg 768w, https:\/\/resiliencyclinic.com\/wp-content\/uploads\/2024\/09\/ashley_037_websize-1536x1024.jpg 1536w\" data-sizes=\"(max-width: 1600px) 100vw, 1600px\" title=\"\" src=\"data:image\/svg+xml;base64,PHN2ZyB3aWR0aD0iMSIgaGVpZ2h0PSIxIiB4bWxucz0iaHR0cDovL3d3dy53My5vcmcvMjAwMC9zdmciPjwvc3ZnPg==\" style=\"--smush-placeholder-width: 1600px; --smush-placeholder-aspect-ratio: 1600\/1067;\">\t\t\t\t\t\t\t\t\t\t\t\t\t\t\t<\/div>\n\t\t\t\t<\/div>\n\t\t\t\t\t<\/div>\n\t\t<\/div>\n\t\t\t\t\t<\/div>\n\t\t<\/section>\n\t\t\t\t<section class=\"elementor-section elementor-top-section elementor-element elementor-element-287eabec elementor-reverse-tablet elementor-reverse-mobile elementor-section-boxed elementor-section-height-default elementor-section-height-default\" data-id=\"287eabec\" data-element_type=\"section\" data-e-type=\"section\" data-settings=\"{&quot;background_background&quot;:&quot;classic&quot;}\">\n\t\t\t\t\t\t\t<div class=\"elementor-background-overlay\"><\/div>\n\t\t\t\t\t\t\t<div class=\"elementor-container elementor-column-gap-default\">\n\t\t\t\t\t<div class=\"elementor-column elementor-col-33 elementor-top-column elementor-element elementor-element-4294cfa\" data-id=\"4294cfa\" data-element_type=\"column\" data-e-type=\"column\">\n\t\t\t<div class=\"elementor-widget-wrap\">\n\t\t\t\t\t\t\t<\/div>\n\t\t<\/div>\n\t\t\t\t<div class=\"elementor-column elementor-col-33 elementor-top-column elementor-element elementor-element-513ac22\" data-id=\"513ac22\" data-element_type=\"column\" data-e-type=\"column\">\n\t\t\t<div class=\"elementor-widget-wrap elementor-element-populated\">\n\t\t\t\t\t\t<div class=\"elementor-element elementor-element-53bc462 elementor-widget elementor-widget-text-editor\" data-id=\"53bc462\" data-element_type=\"widget\" data-e-type=\"widget\" data-widget_type=\"text-editor.default\">\n\t\t\t\t<div class=\"elementor-widget-container\">\n\t\t\t\t\t\t\t\t\t<h1>Psychoth\u00e9rapeute agr\u00e9\u00e9<\/h1><p>Ashley Lawrence est une psychoth\u00e9rapeute agr\u00e9\u00e9e qui travaille en collaboration avec chaque client en vue d'une croissance positive et d'une force personnelle.<\/p><p>Ashley est titulaire d'une ma\u00eetrise en psychologie de l'orientation de l'Universit\u00e9 Yorkville et a r\u00e9cemment obtenu un certificat d'\u00e9tudes sup\u00e9rieures en troubles de l'alimentation de l'Universit\u00e9 d'\u00c9tat de Plymouth. Croyant fermement \u00e0 la positivit\u00e9, Ashley aide chaque client \u00e0 trouver des strat\u00e9gies efficaces pour faire face \u00e0 ses difficult\u00e9s particuli\u00e8res et l'encourage \u00e0 renouer avec les valeurs et les objectifs qui lui tiennent le plus \u00e0 c\u0153ur.<\/p><p>Une grande partie de sa pratique int\u00e8gre la th\u00e9rapie cognitivo-comportementale (TCC), la th\u00e9rapie comportementale dialectique (TCD) et la psychologie positive. Elle soutient les personnes pr\u00e9sentant divers probl\u00e8mes, notamment l'anxi\u00e9t\u00e9, la d\u00e9pression, les traumatismes, l'automutilation, la gestion du diab\u00e8te, les maladies chroniques et les troubles de l'alimentation. Ashley se consacre \u00e0 travailler avec ses clients afin d'am\u00e9liorer la compr\u00e9hension, d'offrir un soutien et d'accro\u00eetre la r\u00e9silience.<\/p><p>Ashley propose des th\u00e9rapies individuelles en personne ou par t\u00e9l\u00e9phone.<\/p><p><strong>Possibilit\u00e9 de rendez-vous le soir.<\/strong><\/p><p>Traitement disponible pour les adultes (18+).<\/p>\t\t\t\t\t\t\t\t<\/div>\n\t\t\t\t<\/div>\n\t\t\t\t<div class=\"elementor-element elementor-element-b239fea elementor-align-center elementor-widget elementor-widget-button\" data-id=\"b239fea\" data-element_type=\"widget\" data-e-type=\"widget\" data-widget_type=\"button.default\">\n\t\t\t\t<div class=\"elementor-widget-container\">\n\t\t\t\t\t\t\t\t\t<div class=\"elementor-button-wrapper\">\n\t\t\t\t\t<a class=\"elementor-button elementor-button-link elementor-size-sm\" href=\"\/fr\/prendre-rendez-vous\/\">\n\t\t\t\t\t\t<span class=\"elementor-button-content-wrapper\">\n\t\t\t\t\t\t\t\t\t<span class=\"elementor-button-text\">Demander un rendez-vous avec Ashley<\/span>\n\t\t\t\t\t<\/span>\n\t\t\t\t\t<\/a>\n\t\t\t\t<\/div>\n\t\t\t\t\t\t\t\t<\/div>\n\t\t\t\t<\/div>\n\t\t\t\t\t<\/div>\n\t\t<\/div>\n\t\t\t\t<div class=\"elementor-column elementor-col-33 elementor-top-column elementor-element elementor-element-190e684\" data-id=\"190e684\" data-element_type=\"column\" data-e-type=\"column\">\n\t\t\t<div class=\"elementor-widget-wrap\">\n\t\t\t\t\t\t\t<\/div>\n\t\t<\/div>\n\t\t\t\t\t<\/div>\n\t\t<\/section>\n\t\t\t\t<section class=\"elementor-section elementor-top-section elementor-element elementor-element-598ac17 elementor-section-boxed elementor-section-height-default elementor-section-height-default\" data-id=\"598ac17\" data-element_type=\"section\" data-e-type=\"section\">\n\t\t\t\t\t\t<div class=\"elementor-container elementor-column-gap-default\">\n\t\t\t\t\t<div class=\"elementor-column elementor-col-100 elementor-top-column elementor-element elementor-element-e112510\" data-id=\"e112510\" data-element_type=\"column\" data-e-type=\"column\">\n\t\t\t<div class=\"elementor-widget-wrap elementor-element-populated\">\n\t\t\t\t\t\t<div class=\"elementor-element elementor-element-9794665 elementor-widget elementor-widget-spacer\" data-id=\"9794665\" data-element_type=\"widget\" data-e-type=\"widget\" data-widget_type=\"spacer.default\">\n\t\t\t\t<div class=\"elementor-widget-container\">\n\t\t\t\t\t\t\t<div class=\"elementor-spacer\">\n\t\t\t<div class=\"elementor-spacer-inner\"><\/div>\n\t\t<\/div>\n\t\t\t\t\t\t<\/div>\n\t\t\t\t<\/div>\n\t\t\t\t\t<\/div>\n\t\t<\/div>\n\t\t\t\t\t<\/div>\n\t\t<\/section>\n\t\t\t\t<\/div>","protected":false},"excerpt":{"rendered":"<p>Ashley Currie, MA Empowering each client in finding effective strategies in dealing with their unique struggles, while being supportive of individuals with various presenting problems such as coping with diabetes and chronic illness. Request an appointment with Ashley Registered Psychotherapist Ashley Lawrence is a Registered Psychotherapist working collaboratively with each client toward positive growth and [&hellip;]<\/p>\n","protected":false},"author":1,"featured_media":401,"parent":242,"menu_order":0,"comment_status":"closed","ping_status":"closed","template":"","meta":{"footnotes":""},"class_list":["post-621","page","type-page","status-publish","has-post-thumbnail","hentry"],"_links":{"self":[{"href":"https:\/\/resiliencyclinic.com\/fr\/wp-json\/wp\/v2\/pages\/621","targetHints":{"allow":["GET"]}}],"collection":[{"href":"https:\/\/resiliencyclinic.com\/fr\/wp-json\/wp\/v2\/pages"}],"about":[{"href":"https:\/\/resiliencyclinic.com\/fr\/wp-json\/wp\/v2\/types\/page"}],"author":[{"embeddable":true,"href":"https:\/\/resiliencyclinic.com\/fr\/wp-json\/wp\/v2\/users\/1"}],"replies":[{"embeddable":true,"href":"https:\/\/resiliencyclinic.com\/fr\/wp-json\/wp\/v2\/comments?post=621"}],"version-history":[{"count":13,"href":"https:\/\/resiliencyclinic.com\/fr\/wp-json\/wp\/v2\/pages\/621\/revisions"}],"predecessor-version":[{"id":44668,"href":"https:\/\/resiliencyclinic.com\/fr\/wp-json\/wp\/v2\/pages\/621\/revisions\/44668"}],"up":[{"embeddable":true,"href":"https:\/\/resiliencyclinic.com\/fr\/wp-json\/wp\/v2\/pages\/242"}],"wp:featuredmedia":[{"embeddable":true,"href":"https:\/\/resiliencyclinic.com\/fr\/wp-json\/wp\/v2\/media\/401"}],"wp:attachment":[{"href":"https:\/\/resiliencyclinic.com\/fr\/wp-json\/wp\/v2\/media?parent=621"}],"curies":[{"name":"wp","href":"https:\/\/api.w.org\/{rel}","templated":true}]}}