{"id":634,"date":"2020-10-23T00:40:55","date_gmt":"2020-10-23T04:40:55","guid":{"rendered":"https:\/\/resiliencyclinic.com\/?page_id=634"},"modified":"2026-01-28T09:53:03","modified_gmt":"2026-01-28T13:53:03","slug":"amanda-mancuso","status":"publish","type":"page","link":"https:\/\/resiliencyclinic.com\/fr\/rencontrer-notre-equipe\/amanda-mancuso\/","title":{"rendered":"Amanda Mancuso"},"content":{"rendered":"<div data-elementor-type=\"wp-page\" data-elementor-id=\"634\" class=\"elementor elementor-634\" data-elementor-post-type=\"page\">\n\t\t\t\t\t\t<section class=\"elementor-section elementor-top-section elementor-element elementor-element-2a3be2e elementor-section-boxed elementor-section-height-default elementor-section-height-default\" data-id=\"2a3be2e\" data-element_type=\"section\" data-e-type=\"section\" data-settings=\"{&quot;background_background&quot;:&quot;gradient&quot;}\">\n\t\t\t\t\t\t\t<div class=\"elementor-background-overlay\"><\/div>\n\t\t\t\t\t\t\t<div class=\"elementor-container elementor-column-gap-default\">\n\t\t\t\t\t<div class=\"elementor-column elementor-col-50 elementor-top-column elementor-element elementor-element-66391fc\" data-id=\"66391fc\" data-element_type=\"column\" data-e-type=\"column\">\n\t\t\t<div class=\"elementor-widget-wrap elementor-element-populated\">\n\t\t\t\t\t\t<div class=\"elementor-element elementor-element-5b3b1cc elementor-widget elementor-widget-heading\" data-id=\"5b3b1cc\" data-element_type=\"widget\" data-e-type=\"widget\" data-widget_type=\"heading.default\">\n\t\t\t\t<div class=\"elementor-widget-container\">\n\t\t\t\t\t<p class=\"elementor-heading-title elementor-size-default\">AMANDA MANCUSO, MACP<\/p>\t\t\t\t<\/div>\n\t\t\t\t<\/div>\n\t\t\t\t<div class=\"elementor-element elementor-element-947b759 elementor-widget-divider--view-line elementor-widget elementor-widget-divider\" data-id=\"947b759\" data-element_type=\"widget\" data-e-type=\"widget\" data-widget_type=\"divider.default\">\n\t\t\t\t<div class=\"elementor-widget-container\">\n\t\t\t\t\t\t\t<div class=\"elementor-divider\">\n\t\t\t<span class=\"elementor-divider-separator\">\n\t\t\t\t\t\t<\/span>\n\t\t<\/div>\n\t\t\t\t\t\t<\/div>\n\t\t\t\t<\/div>\n\t\t\t\t<div class=\"elementor-element elementor-element-c3f5ef2 elementor-widget elementor-widget-text-editor\" data-id=\"c3f5ef2\" data-element_type=\"widget\" data-e-type=\"widget\" data-widget_type=\"text-editor.default\">\n\t\t\t\t<div class=\"elementor-widget-container\">\n\t\t\t\t\t\t\t\t\t<p><span style=\"font-weight: 400;\">Amanda ensures that overcoming your obstacles does not feel like an isolating process by creating a strong therapeutic relationship.<\/span><\/p>\t\t\t\t\t\t\t\t<\/div>\n\t\t\t\t<\/div>\n\t\t\t\t<div class=\"elementor-element elementor-element-c05d323 elementor-widget elementor-widget-spacer\" data-id=\"c05d323\" data-element_type=\"widget\" data-e-type=\"widget\" data-widget_type=\"spacer.default\">\n\t\t\t\t<div class=\"elementor-widget-container\">\n\t\t\t\t\t\t\t<div class=\"elementor-spacer\">\n\t\t\t<div class=\"elementor-spacer-inner\"><\/div>\n\t\t<\/div>\n\t\t\t\t\t\t<\/div>\n\t\t\t\t<\/div>\n\t\t\t\t<div class=\"elementor-element elementor-element-c136a06 elementor-align-left elementor-widget elementor-widget-button\" data-id=\"c136a06\" data-element_type=\"widget\" data-e-type=\"widget\" data-widget_type=\"button.default\">\n\t\t\t\t<div class=\"elementor-widget-container\">\n\t\t\t\t\t\t\t\t\t<div class=\"elementor-button-wrapper\">\n\t\t\t\t\t<a class=\"elementor-button elementor-button-link elementor-size-xs\" href=\"\/fr\/prendre-rendez-vous\/\">\n\t\t\t\t\t\t<span class=\"elementor-button-content-wrapper\">\n\t\t\t\t\t\t<span class=\"elementor-button-icon\">\n\t\t\t\t<i aria-hidden=\"true\" class=\"fas fa-long-arrow-alt-right\"><\/i>\t\t\t<\/span>\n\t\t\t\t\t\t\t\t\t<span class=\"elementor-button-text\">Request an appointment with Amanda<\/span>\n\t\t\t\t\t<\/span>\n\t\t\t\t\t<\/a>\n\t\t\t\t<\/div>\n\t\t\t\t\t\t\t\t<\/div>\n\t\t\t\t<\/div>\n\t\t\t\t\t<\/div>\n\t\t<\/div>\n\t\t\t\t<div class=\"elementor-column elementor-col-50 elementor-top-column elementor-element elementor-element-acdf385\" data-id=\"acdf385\" data-element_type=\"column\" data-e-type=\"column\">\n\t\t\t<div class=\"elementor-widget-wrap elementor-element-populated\">\n\t\t\t\t\t\t<div class=\"elementor-element elementor-element-44b90ea elementor-widget elementor-widget-spacer\" data-id=\"44b90ea\" data-element_type=\"widget\" data-e-type=\"widget\" data-widget_type=\"spacer.default\">\n\t\t\t\t<div class=\"elementor-widget-container\">\n\t\t\t\t\t\t\t<div class=\"elementor-spacer\">\n\t\t\t<div class=\"elementor-spacer-inner\"><\/div>\n\t\t<\/div>\n\t\t\t\t\t\t<\/div>\n\t\t\t\t<\/div>\n\t\t\t\t<div class=\"elementor-element elementor-element-4efc414 elementor-widget elementor-widget-image\" data-id=\"4efc414\" data-element_type=\"widget\" data-e-type=\"widget\" data-widget_type=\"image.default\">\n\t\t\t\t<div class=\"elementor-widget-container\">\n\t\t\t\t\t\t\t\t\t\t\t\t\t\t\t<img decoding=\"async\" width=\"768\" height=\"512\" data-src=\"https:\/\/resiliencyclinic.com\/wp-content\/uploads\/2026\/01\/Resiliency-Clinic-Ottawa-Therapist-Amanda-Mancuso-768x512.jpg\" class=\"attachment-medium_large size-medium_large wp-image-67336 lazyload\" alt=\"Resiliency Clinic Amanda Mancuso Therapist Ottawa\" data-srcset=\"https:\/\/resiliencyclinic.com\/wp-content\/uploads\/2026\/01\/Resiliency-Clinic-Ottawa-Therapist-Amanda-Mancuso-768x512.jpg 768w, https:\/\/resiliencyclinic.com\/wp-content\/uploads\/2026\/01\/Resiliency-Clinic-Ottawa-Therapist-Amanda-Mancuso-300x200.jpg 300w, https:\/\/resiliencyclinic.com\/wp-content\/uploads\/2026\/01\/Resiliency-Clinic-Ottawa-Therapist-Amanda-Mancuso-1024x683.jpg 1024w, https:\/\/resiliencyclinic.com\/wp-content\/uploads\/2026\/01\/Resiliency-Clinic-Ottawa-Therapist-Amanda-Mancuso-1536x1024.jpg 1536w, https:\/\/resiliencyclinic.com\/wp-content\/uploads\/2026\/01\/Resiliency-Clinic-Ottawa-Therapist-Amanda-Mancuso-2048x1365.jpg 2048w, https:\/\/resiliencyclinic.com\/wp-content\/uploads\/2026\/01\/Resiliency-Clinic-Ottawa-Therapist-Amanda-Mancuso-18x12.jpg 18w\" data-sizes=\"(max-width: 768px) 100vw, 768px\" title=\"\" src=\"data:image\/svg+xml;base64,PHN2ZyB3aWR0aD0iMSIgaGVpZ2h0PSIxIiB4bWxucz0iaHR0cDovL3d3dy53My5vcmcvMjAwMC9zdmciPjwvc3ZnPg==\" style=\"--smush-placeholder-width: 768px; --smush-placeholder-aspect-ratio: 768\/512;\">\t\t\t\t\t\t\t\t\t\t\t\t\t\t\t<\/div>\n\t\t\t\t<\/div>\n\t\t\t\t\t<\/div>\n\t\t<\/div>\n\t\t\t\t\t<\/div>\n\t\t<\/section>\n\t\t\t\t<section class=\"elementor-section elementor-top-section elementor-element elementor-element-287eabec elementor-reverse-tablet elementor-reverse-mobile elementor-section-boxed elementor-section-height-default elementor-section-height-default\" data-id=\"287eabec\" data-element_type=\"section\" data-e-type=\"section\" data-settings=\"{&quot;background_background&quot;:&quot;classic&quot;}\">\n\t\t\t\t\t\t\t<div class=\"elementor-background-overlay\"><\/div>\n\t\t\t\t\t\t\t<div class=\"elementor-container elementor-column-gap-default\">\n\t\t\t\t\t<div class=\"elementor-column elementor-col-33 elementor-top-column elementor-element elementor-element-4294cfa\" data-id=\"4294cfa\" data-element_type=\"column\" data-e-type=\"column\">\n\t\t\t<div class=\"elementor-widget-wrap\">\n\t\t\t\t\t\t\t<\/div>\n\t\t<\/div>\n\t\t\t\t<div class=\"elementor-column elementor-col-33 elementor-top-column elementor-element elementor-element-513ac22\" data-id=\"513ac22\" data-element_type=\"column\" data-e-type=\"column\">\n\t\t\t<div class=\"elementor-widget-wrap elementor-element-populated\">\n\t\t\t\t\t\t<div class=\"elementor-element elementor-element-53bc462 elementor-widget elementor-widget-text-editor\" data-id=\"53bc462\" data-element_type=\"widget\" data-e-type=\"widget\" data-widget_type=\"text-editor.default\">\n\t\t\t\t<div class=\"elementor-widget-container\">\n\t\t\t\t\t\t\t\t\t<h1>Psychoth\u00e9rapeute agr\u00e9\u00e9 (qualification)<\/h1>\n<p><span style=\"font-weight: 400;\">Amanda Mancuso is a Registered Psychotherapist (Qualifying) with the CRPO, providing counselling services that support individuals on their path to healing, inner growth and resilience. She has over six years of experience working with <strong>individuals (16+)<\/strong> through difficult life events and various mental health challenges. Amanda ensures that overcoming your obstacles does not feel like an isolating process by creating a strong therapeutic relationship.<\/span><\/p>\n<p><span style=\"font-weight: 400;\">Amanda works from a person-centered approach, where she is committed to making the process as comfortable, safe, and supportive as possible. Her approach is warm, empathetic, and judgment-free, as she believes that you deserve to find your voice and be truly heard and seen every step of the way. Amanda is collaborative in her approach, and individualizes treatment to suit your needs, all while working at your pace. Being from an Italian background herself, Amanda understands how cultural and familial differences can shape and influence your experiences. She works from an inclusive and culturally sensitive lens.<\/span><\/p>\n<p><span style=\"font-weight: 400;\">Amanda obtained her Masters of Arts in Counselling Psychology at Yorkville University. She previously obtained her combined Bachelor degree of Science in Psychology and Sociology, and completed a minor in Psychology at the University of Montreal. Amanda is originally from Montreal and is fluently bilingual, <strong>offering therapy services both in French and in English<\/strong>.<\/span><\/p>\n<p><span style=\"font-weight: 400;\">As a new member of the Ottawa community, Amanda will continue to be a fierce mental health advocate at the Resiliency Clinic. She hopes to help break down barriers, combat stigma and remind individuals that they are more than their diagnosis or struggles. This is a part of you, not all of you.<\/span><\/p>\n<p><b>Amanda is accepting referrals for both virtual and in person therapy, and offers flexible hours throughout the day and evening.\u00a0<\/b><\/p>\t\t\t\t\t\t\t\t<\/div>\n\t\t\t\t<\/div>\n\t\t\t\t<div class=\"elementor-element elementor-element-b239fea elementor-align-center elementor-widget elementor-widget-button\" data-id=\"b239fea\" data-element_type=\"widget\" data-e-type=\"widget\" data-widget_type=\"button.default\">\n\t\t\t\t<div class=\"elementor-widget-container\">\n\t\t\t\t\t\t\t\t\t<div class=\"elementor-button-wrapper\">\n\t\t\t\t\t<a class=\"elementor-button elementor-button-link elementor-size-sm\" href=\"\/fr\/prendre-rendez-vous\/\">\n\t\t\t\t\t\t<span class=\"elementor-button-content-wrapper\">\n\t\t\t\t\t\t\t\t\t<span class=\"elementor-button-text\">Request an appointment with Amanda<\/span>\n\t\t\t\t\t<\/span>\n\t\t\t\t\t<\/a>\n\t\t\t\t<\/div>\n\t\t\t\t\t\t\t\t<\/div>\n\t\t\t\t<\/div>\n\t\t\t\t\t<\/div>\n\t\t<\/div>\n\t\t\t\t<div class=\"elementor-column elementor-col-33 elementor-top-column elementor-element elementor-element-190e684\" data-id=\"190e684\" data-element_type=\"column\" data-e-type=\"column\">\n\t\t\t<div class=\"elementor-widget-wrap\">\n\t\t\t\t\t\t\t<\/div>\n\t\t<\/div>\n\t\t\t\t\t<\/div>\n\t\t<\/section>\n\t\t\t\t<\/div>","protected":false},"excerpt":{"rendered":"<p>AMANDA MANCUSO, MACP Amanda ensures that overcoming your obstacles does not feel like an isolating process by creating a strong therapeutic relationship. Request an appointment with Amanda Registered Psychotherapist (Qualifying) Amanda Mancuso is a Registered Psychotherapist (Qualifying) with the CRPO, providing counselling services that support individuals on their path to healing, inner growth and resilience. [&hellip;]<\/p>\n","protected":false},"author":50,"featured_media":67068,"parent":56367,"menu_order":0,"comment_status":"closed","ping_status":"closed","template":"","meta":{"footnotes":""},"class_list":["post-634","page","type-page","status-publish","has-post-thumbnail","hentry"],"_links":{"self":[{"href":"https:\/\/resiliencyclinic.com\/fr\/wp-json\/wp\/v2\/pages\/634","targetHints":{"allow":["GET"]}}],"collection":[{"href":"https:\/\/resiliencyclinic.com\/fr\/wp-json\/wp\/v2\/pages"}],"about":[{"href":"https:\/\/resiliencyclinic.com\/fr\/wp-json\/wp\/v2\/types\/page"}],"author":[{"embeddable":true,"href":"https:\/\/resiliencyclinic.com\/fr\/wp-json\/wp\/v2\/users\/50"}],"replies":[{"embeddable":true,"href":"https:\/\/resiliencyclinic.com\/fr\/wp-json\/wp\/v2\/comments?post=634"}],"version-history":[{"count":24,"href":"https:\/\/resiliencyclinic.com\/fr\/wp-json\/wp\/v2\/pages\/634\/revisions"}],"predecessor-version":[{"id":67343,"href":"https:\/\/resiliencyclinic.com\/fr\/wp-json\/wp\/v2\/pages\/634\/revisions\/67343"}],"up":[{"embeddable":true,"href":"https:\/\/resiliencyclinic.com\/fr\/wp-json\/wp\/v2\/pages\/56367"}],"wp:featuredmedia":[{"embeddable":true,"href":"https:\/\/resiliencyclinic.com\/fr\/wp-json\/wp\/v2\/media\/67068"}],"wp:attachment":[{"href":"https:\/\/resiliencyclinic.com\/fr\/wp-json\/wp\/v2\/media?parent=634"}],"curies":[{"name":"wp","href":"https:\/\/api.w.org\/{rel}","templated":true}]}}