{"id":63898,"date":"2025-08-10T22:14:17","date_gmt":"2025-08-11T02:14:17","guid":{"rendered":"https:\/\/resiliencyclinic.com\/?page_id=63898"},"modified":"2025-09-12T09:39:46","modified_gmt":"2025-09-12T13:39:46","slug":"kiersten-grantham","status":"publish","type":"page","link":"https:\/\/resiliencyclinic.com\/fr\/rencontrer-lequipe\/kiersten-grantham\/","title":{"rendered":"Kiersten Grantham, th\u00e9rapeute\/stagiaire"},"content":{"rendered":"<div data-elementor-type=\"wp-page\" data-elementor-id=\"63898\" class=\"elementor elementor-63898\" data-elementor-post-type=\"page\">\n\t\t\t\t\t\t<section class=\"elementor-section elementor-top-section elementor-element elementor-element-2a3be2e elementor-section-boxed elementor-section-height-default elementor-section-height-default\" data-id=\"2a3be2e\" data-element_type=\"section\" data-e-type=\"section\" data-settings=\"{&quot;background_background&quot;:&quot;gradient&quot;}\">\n\t\t\t\t\t\t\t<div class=\"elementor-background-overlay\"><\/div>\n\t\t\t\t\t\t\t<div class=\"elementor-container elementor-column-gap-no\">\n\t\t\t\t\t<div class=\"elementor-column elementor-col-50 elementor-top-column elementor-element elementor-element-66391fc\" data-id=\"66391fc\" data-element_type=\"column\" data-e-type=\"column\">\n\t\t\t<div class=\"elementor-widget-wrap elementor-element-populated\">\n\t\t\t\t\t\t<div class=\"elementor-element elementor-element-5b3b1cc elementor-widget elementor-widget-heading\" data-id=\"5b3b1cc\" data-element_type=\"widget\" data-e-type=\"widget\" data-widget_type=\"heading.default\">\n\t\t\t\t<div class=\"elementor-widget-container\">\n\t\t\t\t\t<p class=\"elementor-heading-title elementor-size-default\">Kiersten Grantham, candidate au MACP\n<\/p>\t\t\t\t<\/div>\n\t\t\t\t<\/div>\n\t\t\t\t<div class=\"elementor-element elementor-element-947b759 elementor-widget-divider--view-line elementor-widget elementor-widget-divider\" data-id=\"947b759\" data-element_type=\"widget\" data-e-type=\"widget\" data-widget_type=\"divider.default\">\n\t\t\t\t<div class=\"elementor-widget-container\">\n\t\t\t\t\t\t\t<div class=\"elementor-divider\">\n\t\t\t<span class=\"elementor-divider-separator\">\n\t\t\t\t\t\t<\/span>\n\t\t<\/div>\n\t\t\t\t\t\t<\/div>\n\t\t\t\t<\/div>\n\t\t\t\t<div class=\"elementor-element elementor-element-c3f5ef2 elementor-widget elementor-widget-text-editor\" data-id=\"c3f5ef2\" data-element_type=\"widget\" data-e-type=\"widget\" data-widget_type=\"text-editor.default\">\n\t\t\t\t<div class=\"elementor-widget-container\">\n\t\t\t\t\t\t\t\t\t<p><span style=\"font-weight: 400;\">Kiersten s'attache \u00e0 accompagner les personnes dans la complexit\u00e9 \u00e9motionnelle de la fertilit\u00e9, de la perte de grossesse, du post-partum et de l'\u00e9ducation des enfants. Ces transitions de la vie s'accompagnent souvent de profonds changements psychologiques. Elle s'efforce d'offrir \u00e0 ses clients un espace de compassion et de non-jugement pour explorer ces exp\u00e9riences.<\/span><\/p>\t\t\t\t\t\t\t\t<\/div>\n\t\t\t\t<\/div>\n\t\t\t\t<div class=\"elementor-element elementor-element-c136a06 elementor-align-left elementor-widget elementor-widget-button\" data-id=\"c136a06\" data-element_type=\"widget\" data-e-type=\"widget\" data-widget_type=\"button.default\">\n\t\t\t\t<div class=\"elementor-widget-container\">\n\t\t\t\t\t\t\t\t\t<div class=\"elementor-button-wrapper\">\n\t\t\t\t\t<a class=\"elementor-button elementor-button-link elementor-size-xs\" href=\"\/fr\/prendre-rendez-vous\/\">\n\t\t\t\t\t\t<span class=\"elementor-button-content-wrapper\">\n\t\t\t\t\t\t<span class=\"elementor-button-icon\">\n\t\t\t\t<i aria-hidden=\"true\" class=\"fas fa-long-arrow-alt-right\"><\/i>\t\t\t<\/span>\n\t\t\t\t\t\t\t\t\t<span class=\"elementor-button-text\">Demander un rendez-vous avec Kiersten<\/span>\n\t\t\t\t\t<\/span>\n\t\t\t\t\t<\/a>\n\t\t\t\t<\/div>\n\t\t\t\t\t\t\t\t<\/div>\n\t\t\t\t<\/div>\n\t\t\t\t\t<\/div>\n\t\t<\/div>\n\t\t\t\t<div class=\"elementor-column elementor-col-50 elementor-top-column elementor-element elementor-element-acdf385\" data-id=\"acdf385\" data-element_type=\"column\" data-e-type=\"column\">\n\t\t\t<div class=\"elementor-widget-wrap elementor-element-populated\">\n\t\t\t\t\t\t<div class=\"elementor-element elementor-element-4efc414 elementor-widget__width-initial elementor-widget elementor-widget-image\" data-id=\"4efc414\" data-element_type=\"widget\" data-e-type=\"widget\" data-widget_type=\"image.default\">\n\t\t\t\t<div class=\"elementor-widget-container\">\n\t\t\t\t\t\t\t\t\t\t\t\t\t\t\t<img decoding=\"async\" width=\"768\" height=\"512\" data-src=\"https:\/\/resiliencyclinic.com\/wp-content\/uploads\/2025\/08\/kiersten-ottawa-psychologist-768x512.jpg\" class=\"attachment-medium_large size-medium_large wp-image-63900 lazyload\" alt=\"kiersten ottawa psychologue\" data-srcset=\"https:\/\/resiliencyclinic.com\/wp-content\/uploads\/2025\/08\/kiersten-ottawa-psychologist-768x512.jpg 768w, https:\/\/resiliencyclinic.com\/wp-content\/uploads\/2025\/08\/kiersten-ottawa-psychologist-300x200.jpg 300w, https:\/\/resiliencyclinic.com\/wp-content\/uploads\/2025\/08\/kiersten-ottawa-psychologist-1024x683.jpg 1024w, https:\/\/resiliencyclinic.com\/wp-content\/uploads\/2025\/08\/kiersten-ottawa-psychologist-1536x1024.jpg 1536w, https:\/\/resiliencyclinic.com\/wp-content\/uploads\/2025\/08\/kiersten-ottawa-psychologist-18x12.jpg 18w, https:\/\/resiliencyclinic.com\/wp-content\/uploads\/2025\/08\/kiersten-ottawa-psychologist.jpg 1600w\" data-sizes=\"(max-width: 768px) 100vw, 768px\" title=\"\" src=\"data:image\/svg+xml;base64,PHN2ZyB3aWR0aD0iMSIgaGVpZ2h0PSIxIiB4bWxucz0iaHR0cDovL3d3dy53My5vcmcvMjAwMC9zdmciPjwvc3ZnPg==\" style=\"--smush-placeholder-width: 768px; --smush-placeholder-aspect-ratio: 768\/512;\">\t\t\t\t\t\t\t\t\t\t\t\t\t\t\t<\/div>\n\t\t\t\t<\/div>\n\t\t\t\t\t<\/div>\n\t\t<\/div>\n\t\t\t\t\t<\/div>\n\t\t<\/section>\n\t\t\t\t<section class=\"elementor-section elementor-top-section elementor-element elementor-element-287eabec elementor-reverse-tablet elementor-reverse-mobile elementor-section-boxed elementor-section-height-default elementor-section-height-default\" data-id=\"287eabec\" data-element_type=\"section\" data-e-type=\"section\" data-settings=\"{&quot;background_background&quot;:&quot;classic&quot;}\">\n\t\t\t\t\t\t\t<div class=\"elementor-background-overlay\"><\/div>\n\t\t\t\t\t\t\t<div class=\"elementor-container elementor-column-gap-default\">\n\t\t\t\t\t<div class=\"elementor-column elementor-col-33 elementor-top-column elementor-element elementor-element-4294cfa\" data-id=\"4294cfa\" data-element_type=\"column\" data-e-type=\"column\">\n\t\t\t<div class=\"elementor-widget-wrap\">\n\t\t\t\t\t\t\t<\/div>\n\t\t<\/div>\n\t\t\t\t<div class=\"elementor-column elementor-col-33 elementor-top-column elementor-element elementor-element-513ac22\" data-id=\"513ac22\" data-element_type=\"column\" data-e-type=\"column\">\n\t\t\t<div class=\"elementor-widget-wrap elementor-element-populated\">\n\t\t\t\t\t\t<div class=\"elementor-element elementor-element-53bc462 elementor-widget elementor-widget-text-editor\" data-id=\"53bc462\" data-element_type=\"widget\" data-e-type=\"widget\" data-widget_type=\"text-editor.default\">\n\t\t\t\t<div class=\"elementor-widget-container\">\n\t\t\t\t\t\t\t\t\t<h1>Psychoth\u00e9rapeute agr\u00e9\u00e9 (qualification) \/Internat<\/h1><p><span style=\"font-weight: 400;\">Kiersten Grantham est une stagiaire qui travaille en vue de son inscription \u00e0 l'Ordre des psychoth\u00e9rapeutes autoris\u00e9s de l'Ontario et qui termine actuellement sa ma\u00eetrise en psychologie du counseling. Elle est titulaire d'un baccalaur\u00e9at en psychologie et en linguistique et poss\u00e8de plus de 10 ans d'exp\u00e9rience dans des environnements de soins de sant\u00e9 en \u00e9volution rapide.<\/span><\/p><p><span style=\"font-weight: 400;\">Kiersten travaille avec des adultes de 18 ans et plus, confront\u00e9s \u00e0 l'anxi\u00e9t\u00e9, \u00e0 la d\u00e9pression, \u00e0 l'\u00e9puisement professionnel, au stress chronique et \u00e0 l'\u00e9puisement \u00e9motionnel. Elle s'attache \u00e9galement \u00e0 soutenir les individus dans les complexit\u00e9s \u00e9motionnelles de la fertilit\u00e9, de la perte de grossesse, du post-partum et de la parentalit\u00e9. Ces transitions de la vie s'accompagnent souvent de profonds changements psychologiques, et elle s'efforce d'offrir \u00e0 ses clients un espace de compassion et de non-jugement pour leur permettre d'explorer ces exp\u00e9riences.<\/span><\/p><p><span style=\"font-weight: 400;\">Son approche th\u00e9rapeutique int\u00e8gre des cadres cognitifs, humanistes, fond\u00e9s sur la force et ax\u00e9s sur l'acceptation. Au c\u0153ur de son travail se trouve la conviction qu'une relation th\u00e9rapeutique s\u00fbre, sans jugement et collaborative est essentielle \u00e0 la gu\u00e9rison et \u00e0 la croissance. Elle s'engage \u00e0 offrir un espace de compassion et d'ancrage o\u00f9 les clients se sentent soutenus dans leur cheminement vers une meilleure connaissance de soi, une plus grande r\u00e9silience et un changement significatif. Elle consid\u00e8re que c'est un privil\u00e8ge d'accompagner ses clients dans leur cheminement unique vers le bien-\u00eatre \u00e9motionnel.<\/span><\/p>\t\t\t\t\t\t\t\t<\/div>\n\t\t\t\t<\/div>\n\t\t\t\t<div class=\"elementor-element elementor-element-b239fea elementor-align-center elementor-widget elementor-widget-button\" data-id=\"b239fea\" data-element_type=\"widget\" data-e-type=\"widget\" data-widget_type=\"button.default\">\n\t\t\t\t<div class=\"elementor-widget-container\">\n\t\t\t\t\t\t\t\t\t<div class=\"elementor-button-wrapper\">\n\t\t\t\t\t<a class=\"elementor-button elementor-button-link elementor-size-sm\" href=\"\/fr\/prendre-rendez-vous\/\">\n\t\t\t\t\t\t<span class=\"elementor-button-content-wrapper\">\n\t\t\t\t\t\t\t\t\t<span class=\"elementor-button-text\">Demander un rendez-vous avec Kiersten<\/span>\n\t\t\t\t\t<\/span>\n\t\t\t\t\t<\/a>\n\t\t\t\t<\/div>\n\t\t\t\t\t\t\t\t<\/div>\n\t\t\t\t<\/div>\n\t\t\t\t\t<\/div>\n\t\t<\/div>\n\t\t\t\t<div class=\"elementor-column elementor-col-33 elementor-top-column elementor-element elementor-element-190e684\" data-id=\"190e684\" data-element_type=\"column\" data-e-type=\"column\">\n\t\t\t<div class=\"elementor-widget-wrap\">\n\t\t\t\t\t\t\t<\/div>\n\t\t<\/div>\n\t\t\t\t\t<\/div>\n\t\t<\/section>\n\t\t\t\t<section class=\"elementor-section elementor-top-section elementor-element elementor-element-598ac17 elementor-section-boxed elementor-section-height-default elementor-section-height-default\" data-id=\"598ac17\" data-element_type=\"section\" data-e-type=\"section\">\n\t\t\t\t\t\t<div class=\"elementor-container elementor-column-gap-default\">\n\t\t\t\t\t<div class=\"elementor-column elementor-col-100 elementor-top-column elementor-element elementor-element-e112510\" data-id=\"e112510\" data-element_type=\"column\" data-e-type=\"column\">\n\t\t\t<div class=\"elementor-widget-wrap elementor-element-populated\">\n\t\t\t\t\t\t<div class=\"elementor-element elementor-element-9794665 elementor-widget elementor-widget-spacer\" data-id=\"9794665\" data-element_type=\"widget\" data-e-type=\"widget\" data-widget_type=\"spacer.default\">\n\t\t\t\t<div class=\"elementor-widget-container\">\n\t\t\t\t\t\t\t<div class=\"elementor-spacer\">\n\t\t\t<div class=\"elementor-spacer-inner\"><\/div>\n\t\t<\/div>\n\t\t\t\t\t\t<\/div>\n\t\t\t\t<\/div>\n\t\t\t\t\t<\/div>\n\t\t<\/div>\n\t\t\t\t\t<\/div>\n\t\t<\/section>\n\t\t\t\t<\/div>","protected":false},"excerpt":{"rendered":"<p>Emma effectue son stage de psychoth\u00e9rapie \u00e0 la Resiliency Clinic de septembre 2025 \u00e0 avril 2026 dans le cadre de sa ma\u00eetrise en psychologie du counselling \u00e0 l'Universit\u00e9 d'Ottawa. <\/p>","protected":false},"author":50,"featured_media":62549,"parent":242,"menu_order":0,"comment_status":"closed","ping_status":"closed","template":"","meta":{"footnotes":""},"class_list":["post-63898","page","type-page","status-publish","has-post-thumbnail","hentry"],"_links":{"self":[{"href":"https:\/\/resiliencyclinic.com\/fr\/wp-json\/wp\/v2\/pages\/63898","targetHints":{"allow":["GET"]}}],"collection":[{"href":"https:\/\/resiliencyclinic.com\/fr\/wp-json\/wp\/v2\/pages"}],"about":[{"href":"https:\/\/resiliencyclinic.com\/fr\/wp-json\/wp\/v2\/types\/page"}],"author":[{"embeddable":true,"href":"https:\/\/resiliencyclinic.com\/fr\/wp-json\/wp\/v2\/users\/50"}],"replies":[{"embeddable":true,"href":"https:\/\/resiliencyclinic.com\/fr\/wp-json\/wp\/v2\/comments?post=63898"}],"version-history":[{"count":13,"href":"https:\/\/resiliencyclinic.com\/fr\/wp-json\/wp\/v2\/pages\/63898\/revisions"}],"predecessor-version":[{"id":66436,"href":"https:\/\/resiliencyclinic.com\/fr\/wp-json\/wp\/v2\/pages\/63898\/revisions\/66436"}],"up":[{"embeddable":true,"href":"https:\/\/resiliencyclinic.com\/fr\/wp-json\/wp\/v2\/pages\/242"}],"wp:featuredmedia":[{"embeddable":true,"href":"https:\/\/resiliencyclinic.com\/fr\/wp-json\/wp\/v2\/media\/62549"}],"wp:attachment":[{"href":"https:\/\/resiliencyclinic.com\/fr\/wp-json\/wp\/v2\/media?parent=63898"}],"curies":[{"name":"wp","href":"https:\/\/api.w.org\/{rel}","templated":true}]}}