{"id":652,"date":"2020-10-23T01:07:04","date_gmt":"2020-10-23T05:07:04","guid":{"rendered":"https:\/\/resiliencyclinic.com\/?page_id=652"},"modified":"2025-04-09T17:24:52","modified_gmt":"2025-04-09T21:24:52","slug":"shirley-watchorn","status":"publish","type":"page","link":"https:\/\/resiliencyclinic.com\/fr\/rencontrer-lequipe\/shirley-watchorn\/","title":{"rendered":"Shirley Watchorn, MACP"},"content":{"rendered":"<div data-elementor-type=\"wp-page\" data-elementor-id=\"652\" class=\"elementor elementor-652\" data-elementor-post-type=\"page\">\n\t\t\t\t\t\t<section class=\"elementor-section elementor-top-section elementor-element elementor-element-2a3be2e elementor-section-boxed elementor-section-height-default elementor-section-height-default\" data-id=\"2a3be2e\" data-element_type=\"section\" data-e-type=\"section\" data-settings=\"{&quot;background_background&quot;:&quot;gradient&quot;}\">\n\t\t\t\t\t\t\t<div class=\"elementor-background-overlay\"><\/div>\n\t\t\t\t\t\t\t<div class=\"elementor-container elementor-column-gap-default\">\n\t\t\t\t\t<div class=\"elementor-column elementor-col-50 elementor-top-column elementor-element elementor-element-66391fc\" data-id=\"66391fc\" data-element_type=\"column\" data-e-type=\"column\">\n\t\t\t<div class=\"elementor-widget-wrap elementor-element-populated\">\n\t\t\t\t\t\t<div class=\"elementor-element elementor-element-5b3b1cc elementor-widget elementor-widget-heading\" data-id=\"5b3b1cc\" data-element_type=\"widget\" data-e-type=\"widget\" data-widget_type=\"heading.default\">\n\t\t\t\t<div class=\"elementor-widget-container\">\n\t\t\t\t\t<p class=\"elementor-heading-title elementor-size-default\">Shirley Watchorn, MA<\/p>\t\t\t\t<\/div>\n\t\t\t\t<\/div>\n\t\t\t\t<div class=\"elementor-element elementor-element-947b759 elementor-widget-divider--view-line elementor-widget elementor-widget-divider\" data-id=\"947b759\" data-element_type=\"widget\" data-e-type=\"widget\" data-widget_type=\"divider.default\">\n\t\t\t\t<div class=\"elementor-widget-container\">\n\t\t\t\t\t\t\t<div class=\"elementor-divider\">\n\t\t\t<span class=\"elementor-divider-separator\">\n\t\t\t\t\t\t<\/span>\n\t\t<\/div>\n\t\t\t\t\t\t<\/div>\n\t\t\t\t<\/div>\n\t\t\t\t<div class=\"elementor-element elementor-element-c3f5ef2 elementor-widget elementor-widget-text-editor\" data-id=\"c3f5ef2\" data-element_type=\"widget\" data-e-type=\"widget\" data-widget_type=\"text-editor.default\">\n\t\t\t\t<div class=\"elementor-widget-container\">\n\t\t\t\t\t\t\t\t\t<p class=\"p1\">Passionn\u00e9 par l'id\u00e9e de vous aider \u00e0 explorer votre moi authentique.<\/p><p class=\"p1\">\"En tant que th\u00e9rapeute, je suis un accompagnateur.  J'essaie d'aider les gens \u00e0 s'accorder avec leur propre sagesse\" - Virgina Satir<\/p>\t\t\t\t\t\t\t\t<\/div>\n\t\t\t\t<\/div>\n\t\t\t\t<div class=\"elementor-element elementor-element-c136a06 elementor-align-left elementor-widget elementor-widget-button\" data-id=\"c136a06\" data-element_type=\"widget\" data-e-type=\"widget\" data-widget_type=\"button.default\">\n\t\t\t\t<div class=\"elementor-widget-container\">\n\t\t\t\t\t\t\t\t\t<div class=\"elementor-button-wrapper\">\n\t\t\t\t\t<a class=\"elementor-button elementor-button-link elementor-size-xs\" href=\"\/fr\/prendre-rendez-vous\/\" target=\"_blank\" rel=\"nofollow\">\n\t\t\t\t\t\t<span class=\"elementor-button-content-wrapper\">\n\t\t\t\t\t\t<span class=\"elementor-button-icon\">\n\t\t\t\t<i aria-hidden=\"true\" class=\"fas fa-long-arrow-alt-right\"><\/i>\t\t\t<\/span>\n\t\t\t\t\t\t\t\t\t<span class=\"elementor-button-text\">Demander un rendez-vous avec Shirley<\/span>\n\t\t\t\t\t<\/span>\n\t\t\t\t\t<\/a>\n\t\t\t\t<\/div>\n\t\t\t\t\t\t\t\t<\/div>\n\t\t\t\t<\/div>\n\t\t\t\t\t<\/div>\n\t\t<\/div>\n\t\t\t\t<div class=\"elementor-column elementor-col-50 elementor-top-column elementor-element elementor-element-acdf385\" data-id=\"acdf385\" data-element_type=\"column\" data-e-type=\"column\">\n\t\t\t<div class=\"elementor-widget-wrap elementor-element-populated\">\n\t\t\t\t\t\t<div class=\"elementor-element elementor-element-4efc414 elementor-widget elementor-widget-image\" data-id=\"4efc414\" data-element_type=\"widget\" data-e-type=\"widget\" data-widget_type=\"image.default\">\n\t\t\t\t<div class=\"elementor-widget-container\">\n\t\t\t\t\t\t\t\t\t\t\t\t\t\t\t<img decoding=\"async\" width=\"1067\" height=\"1600\" data-src=\"https:\/\/resiliencyclinic.com\/wp-content\/uploads\/2024\/10\/shirley1.jpg\" class=\"attachment-full size-full wp-image-46262 lazyload\" alt=\"Shirley Watchorn Psychologue \u00e0 Ottawa\" data-srcset=\"https:\/\/resiliencyclinic.com\/wp-content\/uploads\/2024\/10\/shirley1.jpg 1067w, https:\/\/resiliencyclinic.com\/wp-content\/uploads\/2024\/10\/shirley1-200x300.jpg 200w, https:\/\/resiliencyclinic.com\/wp-content\/uploads\/2024\/10\/shirley1-683x1024.jpg 683w, https:\/\/resiliencyclinic.com\/wp-content\/uploads\/2024\/10\/shirley1-768x1152.jpg 768w, https:\/\/resiliencyclinic.com\/wp-content\/uploads\/2024\/10\/shirley1-1024x1536.jpg 1024w\" data-sizes=\"(max-width: 1067px) 100vw, 1067px\" title=\"\" src=\"data:image\/svg+xml;base64,PHN2ZyB3aWR0aD0iMSIgaGVpZ2h0PSIxIiB4bWxucz0iaHR0cDovL3d3dy53My5vcmcvMjAwMC9zdmciPjwvc3ZnPg==\" style=\"--smush-placeholder-width: 1067px; --smush-placeholder-aspect-ratio: 1067\/1600;\">\t\t\t\t\t\t\t\t\t\t\t\t\t\t\t<\/div>\n\t\t\t\t<\/div>\n\t\t\t\t\t<\/div>\n\t\t<\/div>\n\t\t\t\t\t<\/div>\n\t\t<\/section>\n\t\t\t\t<section class=\"elementor-section elementor-top-section elementor-element elementor-element-287eabec elementor-reverse-tablet elementor-reverse-mobile elementor-section-boxed elementor-section-height-default elementor-section-height-default\" data-id=\"287eabec\" data-element_type=\"section\" data-e-type=\"section\" data-settings=\"{&quot;background_background&quot;:&quot;classic&quot;}\">\n\t\t\t\t\t\t\t<div class=\"elementor-background-overlay\"><\/div>\n\t\t\t\t\t\t\t<div class=\"elementor-container elementor-column-gap-default\">\n\t\t\t\t\t<div class=\"elementor-column elementor-col-33 elementor-top-column elementor-element elementor-element-4294cfa\" data-id=\"4294cfa\" data-element_type=\"column\" data-e-type=\"column\">\n\t\t\t<div class=\"elementor-widget-wrap\">\n\t\t\t\t\t\t\t<\/div>\n\t\t<\/div>\n\t\t\t\t<div class=\"elementor-column elementor-col-33 elementor-top-column elementor-element elementor-element-513ac22\" data-id=\"513ac22\" data-element_type=\"column\" data-e-type=\"column\">\n\t\t\t<div class=\"elementor-widget-wrap elementor-element-populated\">\n\t\t\t\t\t\t<div class=\"elementor-element elementor-element-53bc462 elementor-widget elementor-widget-text-editor\" data-id=\"53bc462\" data-element_type=\"widget\" data-e-type=\"widget\" data-widget_type=\"text-editor.default\">\n\t\t\t\t<div class=\"elementor-widget-container\">\n\t\t\t\t\t\t\t\t\t<h1>Psychoth\u00e9rapeute agr\u00e9\u00e9<\/h1><p>Shirley Watchorn est psychoth\u00e9rapeute agr\u00e9\u00e9e par l'Ordre des psychoth\u00e9rapeutes agr\u00e9\u00e9s de l'Ontario (OPAO).\u00a0<\/p><p>Sa passion est de travailler avec ses clients pour atteindre leurs objectifs, en s'appuyant sur ses valeurs personnelles d'autonomisation, de paix, de collaboration, de confiance et de libert\u00e9.  La passion de Shirley pour la th\u00e9rapie est n\u00e9e de sa propre exp\u00e9rience de vie, de son travail ant\u00e9rieur dans l'administration des soins de sant\u00e9 et dans le domaine du bien-\u00eatre en tant qu'instructrice de yoga et entra\u00eeneuse personnelle.  Elle souhaite int\u00e9grer les approches occidentales et les m\u00e9thodes indig\u00e8nes de connaissance et de gu\u00e9rison.  Elle croit qu'au sein d'une relation th\u00e9rapeutique authentique et sans jugement, la capacit\u00e9 unique et sacr\u00e9e d'un client \u00e9volue gr\u00e2ce \u00e0 la pratique de l'auto-compassion et aux nouvelles comp\u00e9tences acquises en s\u00e9ance.  Elle travaille avec des clients \u00e2g\u00e9s de 18 ans et plus, en augmentant la capacit\u00e9 naturelle pour le changement d\u00e9sir\u00e9.<\/p><p>Shirley utilise une approche int\u00e9grative qui incorpore les valeurs, les forces et les objectifs de chacun pour aider \u00e0 surmonter les exp\u00e9riences d'anxi\u00e9t\u00e9, de d\u00e9pression, de traumatisme, de transition de vie, de deuil, de toxicomanie, de probl\u00e8mes relationnels et d'exploration existentielle.  Les th\u00e9ories utilis\u00e9es, dans le cadre d'une pratique tenant compte des traumatismes, comprennent la th\u00e9rapie cognitivo-comportementale (TCC), la d\u00e9sensibilisation et le retraitement par les mouvements oculaires (EMDR), la th\u00e9rapie tenant compte des parties, la pleine conscience, l'approche narrative, l'approche centr\u00e9e sur les solutions et l'approche humaniste.<\/p><p>Elle a obtenu une ma\u00eetrise \u00e8s arts en psychologie du counselling \u00e0 l'Universit\u00e9 Yorkville et un certificat avanc\u00e9 en \u00e9tudes de th\u00e9rapie de couple et de famille \u00e0 l'Universit\u00e9 de Guelph.   Elle est \u00e9galement titulaire d'une ma\u00eetrise \u00e8s arts en leadership de l'Universit\u00e9 de Guelph.<\/p><p><b> Shirley est fi\u00e8re d'offrir une th\u00e9rapie individuelle pour les clients de plus de 18 ans ainsi qu'une th\u00e9rapie de couple. <\/b><\/p><p><b>Possibilit\u00e9 de rendez-vous le vendredi apr\u00e8s-midi et le soir.<\/b><\/p><p>\"La vie, c'est \u00eatre et devenir\" - Carl Rogers<\/p>\t\t\t\t\t\t\t\t<\/div>\n\t\t\t\t<\/div>\n\t\t\t\t<div class=\"elementor-element elementor-element-b239fea elementor-align-center elementor-widget elementor-widget-button\" data-id=\"b239fea\" data-element_type=\"widget\" data-e-type=\"widget\" data-widget_type=\"button.default\">\n\t\t\t\t<div class=\"elementor-widget-container\">\n\t\t\t\t\t\t\t\t\t<div class=\"elementor-button-wrapper\">\n\t\t\t\t\t<a class=\"elementor-button elementor-button-link elementor-size-sm\" href=\"\/fr\/prendre-rendez-vous\/\" target=\"_blank\" rel=\"nofollow\">\n\t\t\t\t\t\t<span class=\"elementor-button-content-wrapper\">\n\t\t\t\t\t\t\t\t\t<span class=\"elementor-button-text\">Demander un rendez-vous avec Shirley<\/span>\n\t\t\t\t\t<\/span>\n\t\t\t\t\t<\/a>\n\t\t\t\t<\/div>\n\t\t\t\t\t\t\t\t<\/div>\n\t\t\t\t<\/div>\n\t\t\t\t\t<\/div>\n\t\t<\/div>\n\t\t\t\t<div class=\"elementor-column elementor-col-33 elementor-top-column elementor-element elementor-element-190e684\" data-id=\"190e684\" data-element_type=\"column\" data-e-type=\"column\">\n\t\t\t<div class=\"elementor-widget-wrap\">\n\t\t\t\t\t\t\t<\/div>\n\t\t<\/div>\n\t\t\t\t\t<\/div>\n\t\t<\/section>\n\t\t\t\t<section class=\"elementor-section elementor-top-section elementor-element elementor-element-598ac17 elementor-section-boxed elementor-section-height-default elementor-section-height-default\" data-id=\"598ac17\" data-element_type=\"section\" data-e-type=\"section\">\n\t\t\t\t\t\t<div class=\"elementor-container elementor-column-gap-default\">\n\t\t\t\t\t<div class=\"elementor-column elementor-col-100 elementor-top-column elementor-element elementor-element-e112510\" data-id=\"e112510\" data-element_type=\"column\" data-e-type=\"column\">\n\t\t\t<div class=\"elementor-widget-wrap elementor-element-populated\">\n\t\t\t\t\t\t<div class=\"elementor-element elementor-element-9794665 elementor-widget elementor-widget-spacer\" data-id=\"9794665\" data-element_type=\"widget\" data-e-type=\"widget\" data-widget_type=\"spacer.default\">\n\t\t\t\t<div class=\"elementor-widget-container\">\n\t\t\t\t\t\t\t<div class=\"elementor-spacer\">\n\t\t\t<div class=\"elementor-spacer-inner\"><\/div>\n\t\t<\/div>\n\t\t\t\t\t\t<\/div>\n\t\t\t\t<\/div>\n\t\t\t\t\t<\/div>\n\t\t<\/div>\n\t\t\t\t\t<\/div>\n\t\t<\/section>\n\t\t\t\t<\/div>","protected":false},"excerpt":{"rendered":"<p>Shirley Watchorn, MA Passionate about helping you explore your authentic self. &#8220;As a therapist, I am a companion.\u00a0 I try to help people tune into their own wisdom&#8221; &#8211; Virgina Satir Request an appointment with Shirley Registered Psychotherapist Shirley Watchorn is a Registered Psychotherapist with the College of Registered Psychotherapists of Ontario (CRPO).\u00a0 Her passion [&hellip;]<\/p>\n","protected":false},"author":1,"featured_media":0,"parent":242,"menu_order":0,"comment_status":"closed","ping_status":"closed","template":"","meta":{"footnotes":""},"class_list":["post-652","page","type-page","status-publish","hentry"],"_links":{"self":[{"href":"https:\/\/resiliencyclinic.com\/fr\/wp-json\/wp\/v2\/pages\/652","targetHints":{"allow":["GET"]}}],"collection":[{"href":"https:\/\/resiliencyclinic.com\/fr\/wp-json\/wp\/v2\/pages"}],"about":[{"href":"https:\/\/resiliencyclinic.com\/fr\/wp-json\/wp\/v2\/types\/page"}],"author":[{"embeddable":true,"href":"https:\/\/resiliencyclinic.com\/fr\/wp-json\/wp\/v2\/users\/1"}],"replies":[{"embeddable":true,"href":"https:\/\/resiliencyclinic.com\/fr\/wp-json\/wp\/v2\/comments?post=652"}],"version-history":[{"count":13,"href":"https:\/\/resiliencyclinic.com\/fr\/wp-json\/wp\/v2\/pages\/652\/revisions"}],"predecessor-version":[{"id":54703,"href":"https:\/\/resiliencyclinic.com\/fr\/wp-json\/wp\/v2\/pages\/652\/revisions\/54703"}],"up":[{"embeddable":true,"href":"https:\/\/resiliencyclinic.com\/fr\/wp-json\/wp\/v2\/pages\/242"}],"wp:attachment":[{"href":"https:\/\/resiliencyclinic.com\/fr\/wp-json\/wp\/v2\/media?parent=652"}],"curies":[{"name":"wp","href":"https:\/\/api.w.org\/{rel}","templated":true}]}}